{"id":23491,"date":"2021-07-19T11:20:17","date_gmt":"2021-07-19T09:20:17","guid":{"rendered":"https:\/\/www.tigernuts.com\/?page_id=23491"},"modified":"2025-06-25T18:20:37","modified_gmt":"2025-06-25T16:20:37","slug":"datenschutzerklaerung","status":"publish","type":"page","link":"https:\/\/www.tigernuts.com\/de\/datenschutzerklaerung\/","title":{"rendered":"Datenschutzerkl\u00e4rung"},"content":{"rendered":"\n<p>&nbsp; Datum der letzten Aktualisierung: 1. April 2026<\/p>\n\n\n\n<p class=\"has-text-align-center\"><em>Dies ist eine \u00dcbersetzung der <\/em><a href=\"https:\/\/www.tigernuts.com\/aviso-legal\/\"><em>spanischen Datenschutzerkl\u00e4rung<\/em><\/a><em>. Im Falle eines Konflikts zwischen den \u00dcbersetzungen ist die spanische Version ma\u00dfgebend.  <\/em><\/p>\n\n\n\n\n\n<h2 class=\"wp-block-heading\">Datenschutzerkl\u00e4rung<\/h2>\n\n\n\n<h2 class=\"wp-block-heading\">WER IST F\u00dcR DIE DATENVERARBEITUNG VERANTWORTLICH?<\/h2>\n\n\n\n<ul class=\"wp-block-list\">\n<li>Identit\u00e4t des Verantwortlichen: TIGERNUTS TRADERS, S.L. (St.Nr.: B-96667191)<\/li>\n\n\n\n<li>Anschrift: Avda. La Pobla De Vallbona, 39, 46183, L\u2019Eliana \u2013 Valencia (Spanien)<\/li>\n\n\n\n<li>E-Mail-Adresse: <a href=\"mailto:info@tigernuts.com\">info@tigernuts.com<\/a><\/li>\n\n\n\n<li>Fax: + 34 96 274 02 49<\/li>\n<\/ul>\n\n\n\n<h2 class=\"wp-block-heading\">WELCHE PERS\u00d6NLICHEN DATEN VERARBEITEN WIR?<\/h2>\n\n\n\n<p>Im Rahmen der verschiedenen Verarbeitungsprozesse, die in der Organisation durchgef\u00fchrt werden, werden die folgenden Daten erfasst:<\/p>\n\n\n\n<ul class=\"wp-block-list\">\n<li><strong>Daten zur Identifizierung<\/strong><\/li>\n<\/ul>\n\n\n\n<h2 class=\"wp-block-heading\">ZU WELCHEN ZWECKEN UND IN WELCHEN SPEZIFISCHEN F\u00c4LLEN VERARBEITEN WIR PERSONENBEZOGENE DATEN?<\/h2>\n\n\n\n<p>In der Haupt-Domain <strong>www.tigernuts.com<\/strong> und den Sub-Domains mit den Inhalten in den anderen Sprachen (www.tigernuts.es, www.erdmandeln.com, www.noixtigrees.com, www.tigernutsjp.com, www.tigernutscn.com y www.tigernutschina.com) werden personenbezogene Daten zu folgenden Zwecken erfasst:<\/p>\n\n\n\n<ul class=\"wp-block-list\">\n<li>Kontakt: zur Beantwortung von Informationsanfragen \u00fcber die angebotenen Produkte und Dienstleistungen sowie zur Beantwortung von Fragen jeglicher Art, die von den Nutzern \u00fcber das Kontaktformular, per E-Mail, Fax oder auf anderem Wege an das Unternehmen gerichtet werden.<\/li>\n\n\n\n<li>Newsletter: Zusendung von Newslettern, um Sie \u00fcber Neuigkeiten, Produkte und Dienstleistungen zu informieren, die mit uns oder unserer Branche in Zusammenhang stehen.<\/li>\n<\/ul>\n\n\n\n<p>Die erhobenen personenbezogenen Daten werden nicht zur Erstellung von Profilen oder f\u00fcr automatisierte Entscheidungen verwendet.<\/p>\n\n\n\n<h2 class=\"wp-block-heading\">IST DIE DATENVERARBEITUNG RECHTM\u00c4SSIG?<\/h2>\n\n\n\n<p>Die Organisation kann personenbezogene Daten verarbeiten, um:<\/p>\n\n\n\n<ul class=\"wp-block-list\">\n<li><strong>Einwilligung: <\/strong>Indem Sie auf unsere Website zugreifen und die Formulare ausf\u00fcllen oder uns \u00fcber die angegebenen elektronischen Kontaktm\u00f6glichkeiten Daten \u00fcbermitteln, akzeptieren Sie diese Datenschutzerkl\u00e4rung. Wir sind daher auf die Zustimmung des Nutzers zur Verarbeitung seiner Daten angewiesen. Dar\u00fcber hinaus weisen wir Sie darauf hin, dass wir personenbezogene Daten nur in \u00dcbereinstimmung mit dieser Datenschutzerkl\u00e4rung verwenden und im Allgemeinen Ihre Zustimmung f\u00fcr andere Verwendungszwecke als die, f\u00fcr die Sie diese urspr\u00fcnglich erteilt haben, einholen werden. Schlie\u00dflich weisen wir Sie darauf hin, dass Sie Ihre Einwilligung jederzeit widerrufen k\u00f6nnen, indem Sie uns \u00fcber die in dieser Datenschutzrichtlinie angegebenen Mittel kontaktieren.<\/li>\n<\/ul>\n\n\n\n<p>Bei der Beantwortung von Anfragen hat die jeweilige Person die geforderten Mindestangaben zu machen. Andernfalls k\u00f6nnen sie nicht verarbeitet werden.<\/p>\n\n\n\n<h2 class=\"wp-block-heading\">WIE LANGE VERARBEITEN WIR PERSONENBEZOGENE DATEN?<\/h2>\n\n\n\n<p>Die personenbezogenen Daten werden f\u00fcr die folgenden Zeitr\u00e4ume verarbeitet:<\/p>\n\n\n\n<ul class=\"wp-block-list\">\n<li>Der gesetzlich vorgeschriebene Zeitraum<\/li>\n\n\n\n<li>Der f\u00fcr die Erf\u00fcllung der betrieblichen Verpflichtungen erforderliche Zeitraum<\/li>\n<\/ul>\n\n\n\n<p>Die Daten werden so lange aufbewahrt, wie es f\u00fcr die Erf\u00fcllung des Zwecks, f\u00fcr den sie erhoben wurden, und f\u00fcr die Feststellung eventueller Verpflichtungen, die sich aus diesem Zweck und der Verarbeitung der Daten ergeben, erforderlich ist, und zwar in \u00dcbereinstimmung mit den oben genannten Vorschriften und zus\u00e4tzlich zu den in den geltenden Archiv- und Dokumentationsvorschriften festgelegten Fristen.<\/p>\n\n\n\n<h2 class=\"wp-block-heading\">MIT WEM TEILEN WIR DIE PERSONENBEZOGENEN DATEN?<\/h2>\n\n\n\n<p>Um die oben beschriebenen Zwecke zu erf\u00fcllen, k\u00f6nnen personenbezogene Daten an folgende Dritte weitergegeben werden:<\/p>\n\n\n\n<ul class=\"wp-block-list\">\n<li>Dienstleister, die in unserem Auftrag Dienstleistungen erbringen<\/li>\n<\/ul>\n\n\n\n<p>Es werden keine Daten an Dritte au\u00dferhalb des Europ\u00e4ischen Wirtschaftsraums \u00fcbermittelt.<\/p>\n\n\n\n<h2 class=\"wp-block-heading\">WELCHE RECHTE K\u00d6NNEN SIE GELTEND MACHEN?<\/h2>\n\n\n\n<p>Nach europ\u00e4ischem Recht stehen Ihnen folgenden Rechte zu:<\/p>\n\n\n\n<ul class=\"wp-block-list\">\n<li><strong>Zugang<\/strong>, d. h., von dem f\u00fcr die Verarbeitung Verantwortlichen Auskunft dar\u00fcber zu verlangen, ob personenbezogene Daten verarbeitet werden.<\/li>\n\n\n\n<li><strong>Korrektur<\/strong>, die betroffenen Person kann \u00c4nderung von unrichtigen oder unvollst\u00e4ndigen Daten verlangen.<\/li>\n\n\n\n<li><strong>Widerspruch<\/strong>, der Verarbeitung der personenbezogenen Daten kann widersprochen werden oder eine solche Verarbeitung zu unterbinden.<\/li>\n\n\n\n<li><strong>Automatisierte Einzelfallentscheidungen<\/strong>, keiner ausschlie\u00dflich auf einer automatisierten Verarbeitung &#8211; einschlie\u00dflich Profiling &#8211; beruhenden Entscheidung unterworfen zu werden, die f\u00fcr den Nutzer rechtliche Folgen hat oder ihn in \u00e4hnlicher Weise erheblich beeintr\u00e4chtigt.<\/li>\n\n\n\n<li><strong>Einschr\u00e4nkung<\/strong>, Recht auf Unterbrechung der Verarbeitung der personenbezogenen Daten des Nutzers unter bestimmten Umst\u00e4nden.<\/li>\n\n\n\n<li><strong>L\u00f6schung<\/strong>, Recht auf L\u00f6schung der personenbezogenen Daten der betroffenen Person.<\/li>\n\n\n\n<li><strong>\u00dcbertragbarkeit<\/strong>, von dem f\u00fcr die Verarbeitung Verantwortlichen kann verlangt werden, dass personenbezogene Daten in einem strukturierten und eindeutigen Format an einen anderen f\u00fcr die Verarbeitung Verantwortlichen \u00fcbermittelt werden.<\/li>\n<\/ul>\n\n\n\n<p>Die Frist f\u00fcr die Bearbeitung des Antrags betr\u00e4gt h\u00f6chstens 30 Tage ab Eingang des Antrags; sie kann bei Bedarf um maximal 2 Monate verl\u00e4ngert werden.<\/p>\n\n\n\n<p>Der Antragsteller kann seine Rechte auf folgende Weise geltend machen:&nbsp;<\/p>\n\n\n\n<ul class=\"wp-block-list\">\n<li>E-Mail an info@tigernuts.com.<\/li>\n\n\n\n<li>Postanschrift: Avda. La Pobla De Vallbona, 39, 46183, L\u2019Eliana \u2013 Valencia (Spanien).<\/li>\n<\/ul>\n\n\n\n<p>In beiden F\u00e4llen kann gegebenenfalls ein Nachweis zur Identit\u00e4t des Antragstellers verlangt werden. In jedem Fall k\u00f6nnen Sie den Schutz der Spanischen Datenschutzbeh\u00f6rde \u00fcber deren <a href=\"http:\/\/www.aepd.es\">Website<\/a> beantragen.<\/p>\n\n\n\n<ul class=\"wp-block-list\"><\/ul>\n\n\n\n<h2 class=\"wp-block-heading\">\u00c4NDERUNGEN DER DATENSCHUTZERKL\u00c4RUNG<\/h2>\n\n\n\n<p>Diese Datenschutzerkl\u00e4rung wird gelegentlich \u00fcberarbeitet, um \u00c4nderungen in der geltenden Gesetzgebung zu aktualisieren, die Verfahren zur Erfassung und Verwendung personenbezogener Daten zu aktualisieren, neue Dienste einzuf\u00fchren oder andere auszuschlie\u00dfen. Diese \u00c4nderungen treten mit der Ver\u00f6ffentlichung auf der Website in Kraft. Es ist daher wichtig, dass Sie diese Datenschutzerkl\u00e4rung regelm\u00e4\u00dfig einsehen, um \u00fcber etwaige \u00c4nderungen informiert zu sein.<\/p>\n","protected":false},"excerpt":{"rendered":"<p>&nbsp; Datum der letzten Aktualisierung: Dies ist eine \u00dcbersetzung der spanischen Datenschutzerkl\u00e4rung. Im Falle eines Konflikts zwischen den \u00dcbersetzungen ist die spanische Version ma\u00dfgebend. Datenschutzerkl\u00e4rung WER IST F\u00dcR DIE DATENVERARBEITUNG VERANTWORTLICH? WELCHE PERS\u00d6NLICHEN DATEN VERARBEITEN WIR? Im Rahmen der verschiedenen Verarbeitungsprozesse, die in der Organisation durchgef\u00fchrt werden, werden die folgenden Daten erfasst: ZU WELCHEN ZWECKEN [&hellip;]<\/p>\n","protected":false},"author":5,"featured_media":30068,"parent":0,"menu_order":0,"comment_status":"closed","ping_status":"closed","template":"","meta":{"site-sidebar-layout":"default","site-content-layout":"default","ast-site-content-layout":"default","site-content-style":"default","site-sidebar-style":"default","ast-global-header-display":"","ast-banner-title-visibility":"","ast-main-header-display":"","ast-hfb-above-header-display":"","ast-hfb-below-header-display":"","ast-hfb-mobile-header-display":"","site-post-title":"","ast-breadcrumbs-content":"","ast-featured-img":"disabled","footer-sml-layout":"","ast-disable-related-posts":"","theme-transparent-header-meta":"default","adv-header-id-meta":"","stick-header-meta":"default","header-above-stick-meta":"","header-main-stick-meta":"","header-below-stick-meta":"","astra-migrate-meta-layouts":"set","ast-page-background-enabled":"default","ast-page-background-meta":{"desktop":{"background-color":"","background-image":"","background-repeat":"repeat","background-position":"center center","background-size":"auto","background-attachment":"scroll","background-type":"","background-media":"","overlay-type":"","overlay-color":"","overlay-opacity":"","overlay-gradient":""},"tablet":{"background-color":"","background-image":"","background-repeat":"repeat","background-position":"center center","background-size":"auto","background-attachment":"scroll","background-type":"","background-media":"","overlay-type":"","overlay-color":"","overlay-opacity":"","overlay-gradient":""},"mobile":{"background-color":"","background-image":"","background-repeat":"repeat","background-position":"center center","background-size":"auto","background-attachment":"scroll","background-type":"","background-media":"","overlay-type":"","overlay-color":"","overlay-opacity":"","overlay-gradient":""}},"ast-content-background-meta":{"desktop":{"background-color":"var(--ast-global-color-5)","background-image":"","background-repeat":"repeat","background-position":"center center","background-size":"auto","background-attachment":"scroll","background-type":"","background-media":"","overlay-type":"","overlay-color":"","overlay-opacity":"","overlay-gradient":""},"tablet":{"background-color":"var(--ast-global-color-5)","background-image":"","background-repeat":"repeat","background-position":"center center","background-size":"auto","background-attachment":"scroll","background-type":"","background-media":"","overlay-type":"","overlay-color":"","overlay-opacity":"","overlay-gradient":""},"mobile":{"background-color":"var(--ast-global-color-5)","background-image":"","background-repeat":"repeat","background-position":"center center","background-size":"auto","background-attachment":"scroll","background-type":"","background-media":"","overlay-type":"","overlay-color":"","overlay-opacity":"","overlay-gradient":""}},"jetpack_post_was_ever_published":false,"footnotes":""},"class_list":["post-23491","page","type-page","status-publish","has-post-thumbnail","hentry"],"jetpack_sharing_enabled":true,"_links":{"self":[{"href":"https:\/\/www.tigernuts.com\/de\/wp-json\/wp\/v2\/pages\/23491","targetHints":{"allow":["GET"]}}],"collection":[{"href":"https:\/\/www.tigernuts.com\/de\/wp-json\/wp\/v2\/pages"}],"about":[{"href":"https:\/\/www.tigernuts.com\/de\/wp-json\/wp\/v2\/types\/page"}],"author":[{"embeddable":true,"href":"https:\/\/www.tigernuts.com\/de\/wp-json\/wp\/v2\/users\/5"}],"replies":[{"embeddable":true,"href":"https:\/\/www.tigernuts.com\/de\/wp-json\/wp\/v2\/comments?post=23491"}],"version-history":[{"count":1,"href":"https:\/\/www.tigernuts.com\/de\/wp-json\/wp\/v2\/pages\/23491\/revisions"}],"predecessor-version":[{"id":40138,"href":"https:\/\/www.tigernuts.com\/de\/wp-json\/wp\/v2\/pages\/23491\/revisions\/40138"}],"wp:featuredmedia":[{"embeddable":true,"href":"https:\/\/www.tigernuts.com\/de\/wp-json\/wp\/v2\/media\/30068"}],"wp:attachment":[{"href":"https:\/\/www.tigernuts.com\/de\/wp-json\/wp\/v2\/media?parent=23491"}],"curies":[{"name":"wp","href":"https:\/\/api.w.org\/{rel}","templated":true}]}}