{"id":3377,"date":"2014-05-23T10:21:53","date_gmt":"2014-05-23T08:21:53","guid":{"rendered":"http:\/\/tigernuts.proyectosbeta.com\/productos-2\/"},"modified":"2024-02-05T19:19:00","modified_gmt":"2024-02-05T18:19:00","slug":"produkte","status":"publish","type":"page","link":"https:\/\/www.tigernuts.com\/de\/produkte\/","title":{"rendered":"PRODUKTE"},"content":{"rendered":"\t\t<div data-elementor-type=\"wp-page\" data-elementor-id=\"3377\" class=\"elementor elementor-3377 elementor-2181\" data-elementor-post-type=\"page\">\n\t\t\t\t\t\t<section class=\"elementor-section elementor-top-section elementor-element elementor-element-49bcebe5 elementor-section-full_width elementor-section-height-min-height elementor-section-height-default elementor-section-items-middle\" data-id=\"49bcebe5\" data-element_type=\"section\" data-e-type=\"section\" data-settings=\"{&quot;background_background&quot;:&quot;slideshow&quot;,&quot;background_slideshow_gallery&quot;:[{&quot;id&quot;:31655,&quot;url&quot;:&quot;https:\\\/\\\/www.tigernuts.com\\\/wp-content\\\/uploads\\\/our-tigernuts-products-01.jpg&quot;},{&quot;id&quot;:31659,&quot;url&quot;:&quot;https:\\\/\\\/www.tigernuts.com\\\/wp-content\\\/uploads\\\/our-tigernuts-products-02.jpg&quot;}],&quot;background_slideshow_slide_duration&quot;:500,&quot;background_slideshow_transition_duration&quot;:5000,&quot;background_slideshow_loop&quot;:&quot;yes&quot;,&quot;background_slideshow_slide_transition&quot;:&quot;fade&quot;}\">\n\t\t\t\t\t\t\t<div class=\"elementor-background-overlay\"><\/div>\n\t\t\t\t\t\t\t<div class=\"elementor-container elementor-column-gap-default\">\n\t\t\t\t\t<div class=\"elementor-column elementor-col-100 elementor-top-column elementor-element elementor-element-263b855d\" data-id=\"263b855d\" data-element_type=\"column\" data-e-type=\"column\">\n\t\t\t<div class=\"elementor-widget-wrap elementor-element-populated\">\n\t\t\t\t\t\t\t<\/div>\n\t\t<\/div>\n\t\t\t\t\t<\/div>\n\t\t<\/section>\n\t\t\t\t<section class=\"elementor-section elementor-top-section elementor-element elementor-element-295b20fe elementor-section-full_width franja-verde elementor-section-height-default elementor-section-height-default\" data-id=\"295b20fe\" data-element_type=\"section\" data-e-type=\"section\">\n\t\t\t\t\t\t<div class=\"elementor-container elementor-column-gap-default\">\n\t\t\t\t\t<div class=\"elementor-column elementor-col-100 elementor-top-column elementor-element elementor-element-47ebb7fa\" data-id=\"47ebb7fa\" data-element_type=\"column\" data-e-type=\"column\">\n\t\t\t<div class=\"elementor-widget-wrap elementor-element-populated\">\n\t\t\t\t\t\t<div class=\"elementor-element elementor-element-390c62c2 elementor-widget elementor-widget-spacer\" data-id=\"390c62c2\" data-element_type=\"widget\" data-e-type=\"widget\" data-widget_type=\"spacer.default\">\n\t\t\t\t<div class=\"elementor-widget-container\">\n\t\t\t\t\t\t\t<div class=\"elementor-spacer\">\n\t\t\t<div class=\"elementor-spacer-inner\"><\/div>\n\t\t<\/div>\n\t\t\t\t\t\t<\/div>\n\t\t\t\t<\/div>\n\t\t\t\t\t<\/div>\n\t\t<\/div>\n\t\t\t\t\t<\/div>\n\t\t<\/section>\n\t\t\t\t<section class=\"elementor-section elementor-top-section elementor-element elementor-element-6764dfc3 elementor-section-boxed elementor-section-height-default elementor-section-height-default\" data-id=\"6764dfc3\" data-element_type=\"section\" data-e-type=\"section\">\n\t\t\t\t\t\t<div class=\"elementor-container elementor-column-gap-default\">\n\t\t\t\t\t<div class=\"elementor-column elementor-col-100 elementor-top-column elementor-element elementor-element-74638d16\" data-id=\"74638d16\" data-element_type=\"column\" data-e-type=\"column\">\n\t\t\t<div class=\"elementor-widget-wrap elementor-element-populated\">\n\t\t\t\t\t\t<div class=\"elementor-element elementor-element-217aafb4 elementor-widget elementor-widget-spacer\" data-id=\"217aafb4\" data-element_type=\"widget\" data-e-type=\"widget\" data-widget_type=\"spacer.default\">\n\t\t\t\t<div class=\"elementor-widget-container\">\n\t\t\t\t\t\t\t<div class=\"elementor-spacer\">\n\t\t\t<div class=\"elementor-spacer-inner\"><\/div>\n\t\t<\/div>\n\t\t\t\t\t\t<\/div>\n\t\t\t\t<\/div>\n\t\t\t\t<div class=\"elementor-element elementor-element-62703077 elementor-widget elementor-widget-heading\" data-id=\"62703077\" data-element_type=\"widget\" data-e-type=\"widget\" data-widget_type=\"heading.default\">\n\t\t\t\t<div class=\"elementor-widget-container\">\n\t\t\t\t\t<p class=\"elementor-heading-title elementor-size-default\">Tigernuts Traders exportiert Erdmaneln in die ganze Welt\u200b\n<\/p>\t\t\t\t<\/div>\n\t\t\t\t<\/div>\n\t\t\t\t<div class=\"elementor-element elementor-element-5d4381e elementor-widget elementor-widget-spacer\" data-id=\"5d4381e\" data-element_type=\"widget\" data-e-type=\"widget\" data-widget_type=\"spacer.default\">\n\t\t\t\t<div class=\"elementor-widget-container\">\n\t\t\t\t\t\t\t<div class=\"elementor-spacer\">\n\t\t\t<div class=\"elementor-spacer-inner\"><\/div>\n\t\t<\/div>\n\t\t\t\t\t\t<\/div>\n\t\t\t\t<\/div>\n\t\t\t\t\t<\/div>\n\t\t<\/div>\n\t\t\t\t\t<\/div>\n\t\t<\/section>\n\t\t\t\t<section class=\"elementor-section elementor-top-section elementor-element elementor-element-4eb83bb2 elementor-section-boxed elementor-section-height-default elementor-section-height-default\" data-id=\"4eb83bb2\" data-element_type=\"section\" data-e-type=\"section\">\n\t\t\t\t\t\t<div class=\"elementor-container elementor-column-gap-default\">\n\t\t\t\t\t<div class=\"elementor-column elementor-col-25 elementor-top-column elementor-element elementor-element-1b6ddec9\" data-id=\"1b6ddec9\" data-element_type=\"column\" data-e-type=\"column\">\n\t\t\t<div class=\"elementor-widget-wrap elementor-element-populated\">\n\t\t\t\t\t\t<div class=\"elementor-element elementor-element-7bd4dcf1 elementor-widget elementor-widget-image\" data-id=\"7bd4dcf1\" data-element_type=\"widget\" data-e-type=\"widget\" data-widget_type=\"image.default\">\n\t\t\t\t<div class=\"elementor-widget-container\">\n\t\t\t\t\t\t\t\t\t\t\t\t\t\t\t\t<a href=\"https:\/\/www.tigernuts.com\/de\/produkte\/extra-feines-erdmandelmehl\/\">\n\t\t\t\t\t\t\t<img fetchpriority=\"high\" decoding=\"async\" width=\"770\" height=\"514\" src=\"https:\/\/www.tigernuts.com\/wp-content\/uploads\/our-tigernuts-products-tigernuts-flour-3-770x514.jpg\" class=\"attachment-large size-large wp-image-31688\" alt=\"\" srcset=\"https:\/\/www.tigernuts.com\/wp-content\/uploads\/our-tigernuts-products-tigernuts-flour-3-770x514.jpg 770w, https:\/\/www.tigernuts.com\/wp-content\/uploads\/our-tigernuts-products-tigernuts-flour-3-385x257.jpg 385w, https:\/\/www.tigernuts.com\/wp-content\/uploads\/our-tigernuts-products-tigernuts-flour-3-768x512.jpg 768w, https:\/\/www.tigernuts.com\/wp-content\/uploads\/our-tigernuts-products-tigernuts-flour-3.jpg 1000w\" sizes=\"(max-width: 770px) 100vw, 770px\" \/>\t\t\t\t\t\t\t\t<\/a>\n\t\t\t\t\t\t\t\t\t\t\t\t\t\t\t<\/div>\n\t\t\t\t<\/div>\n\t\t\t\t<div class=\"elementor-element elementor-element-2dbb649c elementor-widget elementor-widget-heading\" data-id=\"2dbb649c\" data-element_type=\"widget\" data-e-type=\"widget\" data-widget_type=\"heading.default\">\n\t\t\t\t<div class=\"elementor-widget-container\">\n\t\t\t\t\t<h2 class=\"elementor-heading-title elementor-size-default\"><a href=\"https:\/\/www.tigernuts.com\/de\/produkte\/extra-feines-erdmandelmehl\/\">Extra feines Erdmandelmehl<\/a><\/h2>\t\t\t\t<\/div>\n\t\t\t\t<\/div>\n\t\t\t\t\t<\/div>\n\t\t<\/div>\n\t\t\t\t<div class=\"elementor-column elementor-col-25 elementor-top-column elementor-element elementor-element-74cea1ac\" data-id=\"74cea1ac\" data-element_type=\"column\" data-e-type=\"column\">\n\t\t\t<div class=\"elementor-widget-wrap elementor-element-populated\">\n\t\t\t\t\t\t<div class=\"elementor-element elementor-element-7a2c4bee elementor-widget elementor-widget-image\" data-id=\"7a2c4bee\" data-element_type=\"widget\" data-e-type=\"widget\" data-widget_type=\"image.default\">\n\t\t\t\t<div class=\"elementor-widget-container\">\n\t\t\t\t\t\t\t\t\t\t\t\t\t\t\t\t<a href=\"https:\/\/www.tigernuts.com\/de\/produkte\/feines-erdmandelmehl\/\">\n\t\t\t\t\t\t\t<img decoding=\"async\" width=\"770\" height=\"514\" src=\"https:\/\/www.tigernuts.com\/wp-content\/uploads\/our-tigernuts-products-tigernuts-flour-2-770x514.jpg\" class=\"attachment-large size-large wp-image-31684\" alt=\"\" srcset=\"https:\/\/www.tigernuts.com\/wp-content\/uploads\/our-tigernuts-products-tigernuts-flour-2-770x514.jpg 770w, https:\/\/www.tigernuts.com\/wp-content\/uploads\/our-tigernuts-products-tigernuts-flour-2-385x257.jpg 385w, https:\/\/www.tigernuts.com\/wp-content\/uploads\/our-tigernuts-products-tigernuts-flour-2-768x512.jpg 768w, https:\/\/www.tigernuts.com\/wp-content\/uploads\/our-tigernuts-products-tigernuts-flour-2.jpg 1000w\" sizes=\"(max-width: 770px) 100vw, 770px\" \/>\t\t\t\t\t\t\t\t<\/a>\n\t\t\t\t\t\t\t\t\t\t\t\t\t\t\t<\/div>\n\t\t\t\t<\/div>\n\t\t\t\t<div class=\"elementor-element elementor-element-57ea43cc elementor-widget elementor-widget-heading\" data-id=\"57ea43cc\" data-element_type=\"widget\" data-e-type=\"widget\" data-widget_type=\"heading.default\">\n\t\t\t\t<div class=\"elementor-widget-container\">\n\t\t\t\t\t<h2 class=\"elementor-heading-title elementor-size-default\"><a href=\"https:\/\/www.tigernuts.com\/de\/produkte\/feines-erdmandelmehl\/\">Feines Erdmandelmehl<\/a><\/h2>\t\t\t\t<\/div>\n\t\t\t\t<\/div>\n\t\t\t\t\t<\/div>\n\t\t<\/div>\n\t\t\t\t<div class=\"elementor-column elementor-col-25 elementor-top-column elementor-element elementor-element-48311eef\" data-id=\"48311eef\" data-element_type=\"column\" data-e-type=\"column\">\n\t\t\t<div class=\"elementor-widget-wrap elementor-element-populated\">\n\t\t\t\t\t\t<div class=\"elementor-element elementor-element-586a9b4b elementor-widget elementor-widget-image\" data-id=\"586a9b4b\" data-element_type=\"widget\" data-e-type=\"widget\" data-widget_type=\"image.default\">\n\t\t\t\t<div class=\"elementor-widget-container\">\n\t\t\t\t\t\t\t\t\t\t\t\t\t\t\t\t<a href=\"https:\/\/www.tigernuts.com\/de\/produkte\/erdmandelmehl\/\">\n\t\t\t\t\t\t\t<img decoding=\"async\" width=\"770\" height=\"514\" src=\"https:\/\/www.tigernuts.com\/wp-content\/uploads\/our-tigernuts-products-tigernuts-flour-1-770x514.jpg\" class=\"attachment-large size-large wp-image-31680\" alt=\"\" srcset=\"https:\/\/www.tigernuts.com\/wp-content\/uploads\/our-tigernuts-products-tigernuts-flour-1-770x514.jpg 770w, https:\/\/www.tigernuts.com\/wp-content\/uploads\/our-tigernuts-products-tigernuts-flour-1-385x257.jpg 385w, https:\/\/www.tigernuts.com\/wp-content\/uploads\/our-tigernuts-products-tigernuts-flour-1-768x512.jpg 768w, https:\/\/www.tigernuts.com\/wp-content\/uploads\/our-tigernuts-products-tigernuts-flour-1.jpg 1000w\" sizes=\"(max-width: 770px) 100vw, 770px\" \/>\t\t\t\t\t\t\t\t<\/a>\n\t\t\t\t\t\t\t\t\t\t\t\t\t\t\t<\/div>\n\t\t\t\t<\/div>\n\t\t\t\t<div class=\"elementor-element elementor-element-112cccdd elementor-widget elementor-widget-heading\" data-id=\"112cccdd\" data-element_type=\"widget\" data-e-type=\"widget\" data-widget_type=\"heading.default\">\n\t\t\t\t<div class=\"elementor-widget-container\">\n\t\t\t\t\t<h2 class=\"elementor-heading-title elementor-size-default\"><a href=\"https:\/\/www.tigernuts.com\/de\/produkte\/erdmandelmehl\/\">Erdmandelmehl<\/a><\/h2>\t\t\t\t<\/div>\n\t\t\t\t<\/div>\n\t\t\t\t\t<\/div>\n\t\t<\/div>\n\t\t\t\t<div class=\"elementor-column elementor-col-25 elementor-top-column elementor-element elementor-element-7c06607f\" data-id=\"7c06607f\" data-element_type=\"column\" data-e-type=\"column\">\n\t\t\t<div class=\"elementor-widget-wrap elementor-element-populated\">\n\t\t\t\t\t\t<div class=\"elementor-element elementor-element-4382d8f1 elementor-widget elementor-widget-image\" data-id=\"4382d8f1\" data-element_type=\"widget\" data-e-type=\"widget\" data-widget_type=\"image.default\">\n\t\t\t\t<div class=\"elementor-widget-container\">\n\t\t\t\t\t\t\t\t\t\t\t\t\t\t\t\t<a href=\"https:\/\/www.tigernuts.com\/de\/produkte\/geschaelte-erdmandel\/\">\n\t\t\t\t\t\t\t<img loading=\"lazy\" decoding=\"async\" width=\"770\" height=\"514\" src=\"https:\/\/www.tigernuts.com\/wp-content\/uploads\/our-tigernuts-products-pelada-770x514.jpg\" class=\"attachment-large size-large wp-image-31672\" alt=\"\" srcset=\"https:\/\/www.tigernuts.com\/wp-content\/uploads\/our-tigernuts-products-pelada-770x514.jpg 770w, https:\/\/www.tigernuts.com\/wp-content\/uploads\/our-tigernuts-products-pelada-385x257.jpg 385w, https:\/\/www.tigernuts.com\/wp-content\/uploads\/our-tigernuts-products-pelada-768x512.jpg 768w, https:\/\/www.tigernuts.com\/wp-content\/uploads\/our-tigernuts-products-pelada.jpg 1000w\" sizes=\"(max-width: 770px) 100vw, 770px\" \/>\t\t\t\t\t\t\t\t<\/a>\n\t\t\t\t\t\t\t\t\t\t\t\t\t\t\t<\/div>\n\t\t\t\t<\/div>\n\t\t\t\t<div class=\"elementor-element elementor-element-2d01c0aa elementor-widget elementor-widget-heading\" data-id=\"2d01c0aa\" data-element_type=\"widget\" data-e-type=\"widget\" data-widget_type=\"heading.default\">\n\t\t\t\t<div class=\"elementor-widget-container\">\n\t\t\t\t\t<h2 class=\"elementor-heading-title elementor-size-default\"><a href=\"https:\/\/www.tigernuts.com\/de\/produkte\/geschaelte-erdmandel\/\">Gesch\u00e4lte Erdmandel<\/a><\/h2>\t\t\t\t<\/div>\n\t\t\t\t<\/div>\n\t\t\t\t\t<\/div>\n\t\t<\/div>\n\t\t\t\t\t<\/div>\n\t\t<\/section>\n\t\t\t\t<section class=\"elementor-section elementor-top-section elementor-element elementor-element-6c08a97b elementor-section-boxed elementor-section-height-default elementor-section-height-default\" data-id=\"6c08a97b\" data-element_type=\"section\" data-e-type=\"section\">\n\t\t\t\t\t\t<div class=\"elementor-container elementor-column-gap-default\">\n\t\t\t\t\t<div class=\"elementor-column elementor-col-25 elementor-top-column elementor-element elementor-element-5de88f50\" data-id=\"5de88f50\" data-element_type=\"column\" data-e-type=\"column\">\n\t\t\t<div class=\"elementor-widget-wrap elementor-element-populated\">\n\t\t\t\t\t\t<div class=\"elementor-element elementor-element-7e1ff40 elementor-widget elementor-widget-image\" data-id=\"7e1ff40\" data-element_type=\"widget\" data-e-type=\"widget\" data-widget_type=\"image.default\">\n\t\t\t\t<div class=\"elementor-widget-container\">\n\t\t\t\t\t\t\t\t\t\t\t\t\t\t\t\t<a href=\"https:\/\/www.tigernuts.com\/de\/produkte\/gehobelte-erdmandel\/\">\n\t\t\t\t\t\t\t<img loading=\"lazy\" decoding=\"async\" width=\"770\" height=\"514\" src=\"https:\/\/www.tigernuts.com\/wp-content\/uploads\/our-tigernuts-products-sliced-tigernuts-770x514.jpg\" class=\"attachment-large size-large wp-image-31668\" alt=\"\" srcset=\"https:\/\/www.tigernuts.com\/wp-content\/uploads\/our-tigernuts-products-sliced-tigernuts-770x514.jpg 770w, https:\/\/www.tigernuts.com\/wp-content\/uploads\/our-tigernuts-products-sliced-tigernuts-385x257.jpg 385w, https:\/\/www.tigernuts.com\/wp-content\/uploads\/our-tigernuts-products-sliced-tigernuts-768x512.jpg 768w, https:\/\/www.tigernuts.com\/wp-content\/uploads\/our-tigernuts-products-sliced-tigernuts.jpg 1000w\" sizes=\"(max-width: 770px) 100vw, 770px\" \/>\t\t\t\t\t\t\t\t<\/a>\n\t\t\t\t\t\t\t\t\t\t\t\t\t\t\t<\/div>\n\t\t\t\t<\/div>\n\t\t\t\t<div class=\"elementor-element elementor-element-6cd0d06b elementor-widget elementor-widget-heading\" data-id=\"6cd0d06b\" data-element_type=\"widget\" data-e-type=\"widget\" data-widget_type=\"heading.default\">\n\t\t\t\t<div class=\"elementor-widget-container\">\n\t\t\t\t\t<h2 class=\"elementor-heading-title elementor-size-default\"><a href=\"https:\/\/www.tigernuts.com\/de\/produkte\/gehobelte-erdmandel\/\">Gehobelte Erdmandel<\/a><\/h2>\t\t\t\t<\/div>\n\t\t\t\t<\/div>\n\t\t\t\t\t<\/div>\n\t\t<\/div>\n\t\t\t\t<div class=\"elementor-column elementor-col-25 elementor-top-column elementor-element elementor-element-48f2d974\" data-id=\"48f2d974\" data-element_type=\"column\" data-e-type=\"column\">\n\t\t\t<div class=\"elementor-widget-wrap elementor-element-populated\">\n\t\t\t\t\t\t<div class=\"elementor-element elementor-element-1d20f68d elementor-widget elementor-widget-image\" data-id=\"1d20f68d\" data-element_type=\"widget\" data-e-type=\"widget\" data-widget_type=\"image.default\">\n\t\t\t\t<div class=\"elementor-widget-container\">\n\t\t\t\t\t\t\t\t\t\t\t\t\t\t\t\t<a href=\"https:\/\/www.tigernuts.com\/de\/produkte\/gestueckelte-erdmandel\/\">\n\t\t\t\t\t\t\t<img loading=\"lazy\" decoding=\"async\" width=\"770\" height=\"514\" src=\"https:\/\/www.tigernuts.com\/wp-content\/uploads\/our-tigernuts-products-diced-tigernuts-770x514.jpg\" class=\"attachment-large size-large wp-image-31692\" alt=\"\" srcset=\"https:\/\/www.tigernuts.com\/wp-content\/uploads\/our-tigernuts-products-diced-tigernuts-770x514.jpg 770w, https:\/\/www.tigernuts.com\/wp-content\/uploads\/our-tigernuts-products-diced-tigernuts-385x257.jpg 385w, https:\/\/www.tigernuts.com\/wp-content\/uploads\/our-tigernuts-products-diced-tigernuts-768x512.jpg 768w, https:\/\/www.tigernuts.com\/wp-content\/uploads\/our-tigernuts-products-diced-tigernuts.jpg 1000w\" sizes=\"(max-width: 770px) 100vw, 770px\" \/>\t\t\t\t\t\t\t\t<\/a>\n\t\t\t\t\t\t\t\t\t\t\t\t\t\t\t<\/div>\n\t\t\t\t<\/div>\n\t\t\t\t<div class=\"elementor-element elementor-element-178a8a20 elementor-widget elementor-widget-heading\" data-id=\"178a8a20\" data-element_type=\"widget\" data-e-type=\"widget\" data-widget_type=\"heading.default\">\n\t\t\t\t<div class=\"elementor-widget-container\">\n\t\t\t\t\t<h2 class=\"elementor-heading-title elementor-size-default\"><a href=\"https:\/\/www.tigernuts.com\/de\/produkte\/gestueckelte-erdmandel\/\">Gest\u00fcckelte Erdmandel<\/a><\/h2>\t\t\t\t<\/div>\n\t\t\t\t<\/div>\n\t\t\t\t\t<\/div>\n\t\t<\/div>\n\t\t\t\t<div class=\"elementor-column elementor-col-25 elementor-top-column elementor-element elementor-element-26648608\" data-id=\"26648608\" data-element_type=\"column\" data-e-type=\"column\">\n\t\t\t<div class=\"elementor-widget-wrap elementor-element-populated\">\n\t\t\t\t\t\t<div class=\"elementor-element elementor-element-25706462 elementor-widget elementor-widget-image\" data-id=\"25706462\" data-element_type=\"widget\" data-e-type=\"widget\" data-widget_type=\"image.default\">\n\t\t\t\t<div class=\"elementor-widget-container\">\n\t\t\t\t\t\t\t\t\t\t\t\t\t\t\t\t<a href=\"https:\/\/www.tigernuts.com\/de\/produkte\/erdmandelol\/\">\n\t\t\t\t\t\t\t<img loading=\"lazy\" decoding=\"async\" width=\"770\" height=\"514\" src=\"https:\/\/www.tigernuts.com\/wp-content\/uploads\/our-tigernuts-products-tigernuts-oil-770x514.jpg\" class=\"attachment-large size-large wp-image-31915\" alt=\"\" srcset=\"https:\/\/www.tigernuts.com\/wp-content\/uploads\/our-tigernuts-products-tigernuts-oil-770x514.jpg 770w, https:\/\/www.tigernuts.com\/wp-content\/uploads\/our-tigernuts-products-tigernuts-oil-385x257.jpg 385w, https:\/\/www.tigernuts.com\/wp-content\/uploads\/our-tigernuts-products-tigernuts-oil-768x512.jpg 768w, https:\/\/www.tigernuts.com\/wp-content\/uploads\/our-tigernuts-products-tigernuts-oil.jpg 1000w\" sizes=\"(max-width: 770px) 100vw, 770px\" \/>\t\t\t\t\t\t\t\t<\/a>\n\t\t\t\t\t\t\t\t\t\t\t\t\t\t\t<\/div>\n\t\t\t\t<\/div>\n\t\t\t\t<div class=\"elementor-element elementor-element-1faa894a elementor-widget elementor-widget-heading\" data-id=\"1faa894a\" data-element_type=\"widget\" data-e-type=\"widget\" data-widget_type=\"heading.default\">\n\t\t\t\t<div class=\"elementor-widget-container\">\n\t\t\t\t\t<h2 class=\"elementor-heading-title elementor-size-default\"><a href=\"https:\/\/www.tigernuts.com\/de\/produkte\/erdmandelol\/\">Erdmandel\u00f6l<\/a><\/h2>\t\t\t\t<\/div>\n\t\t\t\t<\/div>\n\t\t\t\t\t<\/div>\n\t\t<\/div>\n\t\t\t\t<div class=\"elementor-column elementor-col-25 elementor-top-column elementor-element elementor-element-2a021b24\" data-id=\"2a021b24\" data-element_type=\"column\" data-e-type=\"column\">\n\t\t\t<div class=\"elementor-widget-wrap elementor-element-populated\">\n\t\t\t\t\t\t<div class=\"elementor-element elementor-element-98313d7 elementor-widget elementor-widget-image\" data-id=\"98313d7\" data-element_type=\"widget\" data-e-type=\"widget\" data-widget_type=\"image.default\">\n\t\t\t\t<div class=\"elementor-widget-container\">\n\t\t\t\t\t\t\t\t\t\t\t\t\t\t\t\t<a href=\"https:\/\/www.tigernuts.com\/de\/produkte\/erdmandel\/\">\n\t\t\t\t\t\t\t<img loading=\"lazy\" decoding=\"async\" width=\"770\" height=\"514\" src=\"https:\/\/www.tigernuts.com\/wp-content\/uploads\/our-tigernuts-products-tigernuts-770x514.jpg\" class=\"attachment-large size-large wp-image-31676\" alt=\"\" srcset=\"https:\/\/www.tigernuts.com\/wp-content\/uploads\/our-tigernuts-products-tigernuts-770x514.jpg 770w, https:\/\/www.tigernuts.com\/wp-content\/uploads\/our-tigernuts-products-tigernuts-385x257.jpg 385w, https:\/\/www.tigernuts.com\/wp-content\/uploads\/our-tigernuts-products-tigernuts-768x512.jpg 768w, https:\/\/www.tigernuts.com\/wp-content\/uploads\/our-tigernuts-products-tigernuts.jpg 1000w\" sizes=\"(max-width: 770px) 100vw, 770px\" \/>\t\t\t\t\t\t\t\t<\/a>\n\t\t\t\t\t\t\t\t\t\t\t\t\t\t\t<\/div>\n\t\t\t\t<\/div>\n\t\t\t\t<div class=\"elementor-element elementor-element-3fcb2925 elementor-widget elementor-widget-heading\" data-id=\"3fcb2925\" data-element_type=\"widget\" data-e-type=\"widget\" data-widget_type=\"heading.default\">\n\t\t\t\t<div class=\"elementor-widget-container\">\n\t\t\t\t\t<h2 class=\"elementor-heading-title elementor-size-default\"><a href=\"https:\/\/www.tigernuts.com\/de\/produkte\/erdmandel\/\">Erdmandel<\/a><\/h2>\t\t\t\t<\/div>\n\t\t\t\t<\/div>\n\t\t\t\t\t<\/div>\n\t\t<\/div>\n\t\t\t\t\t<\/div>\n\t\t<\/section>\n\t\t\t\t<section class=\"elementor-section elementor-top-section elementor-element elementor-element-38fc117 elementor-section-boxed elementor-section-height-default elementor-section-height-default\" data-id=\"38fc117\" data-element_type=\"section\" data-e-type=\"section\">\n\t\t\t\t\t\t<div class=\"elementor-container elementor-column-gap-default\">\n\t\t\t\t\t<div class=\"elementor-column elementor-col-100 elementor-top-column elementor-element elementor-element-3a00bf7a\" data-id=\"3a00bf7a\" data-element_type=\"column\" data-e-type=\"column\">\n\t\t\t<div class=\"elementor-widget-wrap elementor-element-populated\">\n\t\t\t\t\t\t<div class=\"elementor-element elementor-element-d0be6c0 elementor-align-center elementor-widget elementor-widget-button\" data-id=\"d0be6c0\" data-element_type=\"widget\" data-e-type=\"widget\" data-widget_type=\"button.default\">\n\t\t\t\t<div class=\"elementor-widget-container\">\n\t\t\t\t\t\t\t\t\t<div class=\"elementor-button-wrapper\">\n\t\t\t\t\t<a class=\"elementor-button elementor-button-link elementor-size-lg\" href=\"https:\/\/www.tigernuts.com\/pdf\/Katalog_Tigernuts_Traders_-_Ernaehrung_DEU.pdf\">\n\t\t\t\t\t\t<span class=\"elementor-button-content-wrapper\">\n\t\t\t\t\t\t\t\t\t<span class=\"elementor-button-text\">KATALOG TIGERNUTS<\/span>\n\t\t\t\t\t<\/span>\n\t\t\t\t\t<\/a>\n\t\t\t\t<\/div>\n\t\t\t\t\t\t\t\t<\/div>\n\t\t\t\t<\/div>\n\t\t\t\t\t<\/div>\n\t\t<\/div>\n\t\t\t\t\t<\/div>\n\t\t<\/section>\n\t\t\t\t<\/div>\n\t\t","protected":false},"excerpt":{"rendered":"<p>Tigernuts Traders exportiert Erdmaneln in die ganze Welt\u200b Extra feines Erdmandelmehl Feines Erdmandelmehl Erdmandelmehl Gesch\u00e4lte Erdmandel Gehobelte Erdmandel Gest\u00fcckelte Erdmandel Erdmandel\u00f6l Erdmandel KATALOG TIGERNUTS<\/p>\n","protected":false},"author":1,"featured_media":30068,"parent":0,"menu_order":0,"comment_status":"closed","ping_status":"closed","template":"","meta":{"site-sidebar-layout":"default","site-content-layout":"default","ast-site-content-layout":"default","site-content-style":"default","site-sidebar-style":"default","ast-global-header-display":"","ast-banner-title-visibility":"","ast-main-header-display":"","ast-hfb-above-header-display":"","ast-hfb-below-header-display":"","ast-hfb-mobile-header-display":"","site-post-title":"disabled","ast-breadcrumbs-content":null,"ast-featured-img":"disabled","footer-sml-layout":"","ast-disable-related-posts":"","theme-transparent-header-meta":"default","adv-header-id-meta":null,"stick-header-meta":"","header-above-stick-meta":null,"header-main-stick-meta":"","header-below-stick-meta":"","astra-migrate-meta-layouts":"default","ast-page-background-enabled":"default","ast-page-background-meta":{"desktop":{"background-color":"","background-image":"","background-repeat":"repeat","background-position":"center center","background-size":"auto","background-attachment":"scroll","background-type":"","background-media":"","overlay-type":"","overlay-color":"","overlay-opacity":"","overlay-gradient":""},"tablet":{"background-color":"","background-image":"","background-repeat":"repeat","background-position":"center center","background-size":"auto","background-attachment":"scroll","background-type":"","background-media":"","overlay-type":"","overlay-color":"","overlay-opacity":"","overlay-gradient":""},"mobile":{"background-color":"","background-image":"","background-repeat":"repeat","background-position":"center center","background-size":"auto","background-attachment":"scroll","background-type":"","background-media":"","overlay-type":"","overlay-color":"","overlay-opacity":"","overlay-gradient":""}},"ast-content-background-meta":{"desktop":{"background-color":"var(--ast-global-color-5)","background-image":"","background-repeat":"repeat","background-position":"center center","background-size":"auto","background-attachment":"scroll","background-type":"","background-media":"","overlay-type":"","overlay-color":"","overlay-opacity":"","overlay-gradient":""},"tablet":{"background-color":"var(--ast-global-color-5)","background-image":"","background-repeat":"repeat","background-position":"center center","background-size":"auto","background-attachment":"scroll","background-type":"","background-media":"","overlay-type":"","overlay-color":"","overlay-opacity":"","overlay-gradient":""},"mobile":{"background-color":"var(--ast-global-color-5)","background-image":"","background-repeat":"repeat","background-position":"center center","background-size":"auto","background-attachment":"scroll","background-type":"","background-media":"","overlay-type":"","overlay-color":"","overlay-opacity":"","overlay-gradient":""}},"jetpack_post_was_ever_published":false,"footnotes":""},"class_list":["post-3377","page","type-page","status-publish","has-post-thumbnail","hentry"],"jetpack_sharing_enabled":true,"_links":{"self":[{"href":"https:\/\/www.tigernuts.com\/de\/wp-json\/wp\/v2\/pages\/3377","targetHints":{"allow":["GET"]}}],"collection":[{"href":"https:\/\/www.tigernuts.com\/de\/wp-json\/wp\/v2\/pages"}],"about":[{"href":"https:\/\/www.tigernuts.com\/de\/wp-json\/wp\/v2\/types\/page"}],"author":[{"embeddable":true,"href":"https:\/\/www.tigernuts.com\/de\/wp-json\/wp\/v2\/users\/1"}],"replies":[{"embeddable":true,"href":"https:\/\/www.tigernuts.com\/de\/wp-json\/wp\/v2\/comments?post=3377"}],"version-history":[{"count":1,"href":"https:\/\/www.tigernuts.com\/de\/wp-json\/wp\/v2\/pages\/3377\/revisions"}],"predecessor-version":[{"id":39893,"href":"https:\/\/www.tigernuts.com\/de\/wp-json\/wp\/v2\/pages\/3377\/revisions\/39893"}],"wp:featuredmedia":[{"embeddable":true,"href":"https:\/\/www.tigernuts.com\/de\/wp-json\/wp\/v2\/media\/30068"}],"wp:attachment":[{"href":"https:\/\/www.tigernuts.com\/de\/wp-json\/wp\/v2\/media?parent=3377"}],"curies":[{"name":"wp","href":"https:\/\/api.w.org\/{rel}","templated":true}]}}