{"id":4362,"date":"2014-09-11T11:18:45","date_gmt":"2014-09-11T09:18:45","guid":{"rendered":"http:\/\/tigernuts.proyectosbeta.com\/aviso-legal-2\/"},"modified":"2022-07-11T19:23:48","modified_gmt":"2022-07-11T17:23:48","slug":"impressum","status":"publish","type":"page","link":"https:\/\/www.tigernuts.com\/de\/impressum\/","title":{"rendered":"Impressum \/ Nutzungsbedingungen"},"content":{"rendered":"\n<p>&nbsp; Datum der letzten Aktualisierung: 1. April 2026<\/p>\n\n\n\n<p class=\"has-text-align-center\"><em>Dies ist eine \u00dcbersetzung der <\/em><a href=\"https:\/\/www.tigernuts.com\/aviso-legal\/\"><em>spanischen Nutzungsbedingungen<\/em><\/a><em>. Im Falle eines Konflikts zwischen den \u00dcbersetzungen ist die spanische Version ma\u00dfgebend.  <\/em><\/p>\n\n\n\n\n\n<h2 class=\"wp-block-heading\">NUTZUNGSBEDINGUNGEN <\/h2>\n\n\n\n<h3 class=\"wp-block-heading\">IDENTIFIKATIONSDATEN (Gesetz 34\/2002 vom 11. Juli \u00fcber die Dienste der Informationsgesellschaft und den elektronischen Gesch\u00e4ftsverkehr)<\/h3>\n\n\n\n<ul class=\"wp-block-list\"><li>Unternehmensname: TIGERNUTS TRADERS, S.L., -nachfolgend DAS UNTERNEHMEN genannt-<\/li><li>St.Nr.: B-96667191<\/li><li>Firmenregistrierung: Registro mercantil de Valencia, Tomo 5855, Libro 3161, Folio 14, Secci\u00f3n 8, Hoja V-55660.<\/li><li>Adresse: Avda. La Pobla De Vallbona, 39, 46183, L\u2019Eliana \u2013 Valencia (Spanien)<\/li><li>E-Mail-Adresse: info@tigernuts.com<\/li><li>Telefonnummer:\u00a0 +34 962 74 09 32<\/li><li>Fax: +34 96 274 02 49<\/li><li>Registrierungsdaten: Die Eintragung erfolgte durch einen Vermerk am Rande der 4. Eintragung des Blattes V-55.660, eingetragen im Handelsregister von Valencia, auf die Gesellschaft \u201eTIGERNUTS TRADERS S.L.\u201c, auf Seite 14 des Bandes 5855, Buch 3161 der Allgemeinen Abteilung. Datum der Annahme der Eintragung: 27. November 2006<\/li><\/ul>\n\n\n\n<h3 class=\"wp-block-heading\">NUTZUNG DER WEBSITE<\/h3>\n\n\n\n<p>DAS UNTERNEHMEN bietet Zugang zu einer Vielzahl von Informationen und Dienstleistungen, die dem UNTERNEHMEN geh\u00f6ren, welches die Verantwortung f\u00fcr die Nutzung der Website \u00fcbernimmt. Diese Verantwortung erstreckt sich auch auf Registrierungen, die f\u00fcr den Zugang zu bestimmten Diensten oder Inhalten erforderlich sein k\u00f6nnen. Der Nutzer ist daf\u00fcr verantwortlich, wahrheitsgem\u00e4\u00dfe und rechtm\u00e4\u00dfige Angaben bei der Registrierung zu machen. Der Nutzer verpflichtet sich, die Inhalte und Dienstleistungen, die DAS UNTERNEHMEN \u00fcber seine Website anbietet, angemessen zu nutzen. DAS UNTERNEHMEN beh\u00e4lt sich das Recht vor, alle Kommentare und Beitr\u00e4ge zu entfernen, die gegen die Achtung der Menschenw\u00fcrde versto\u00dfen, die diskriminierend, fremdenfeindlich, rassistisch oder pornografisch sind, welche die Jugend oder das Kindesalter, die Ordnung oder die \u00f6ffentliche Sicherheit verletzen oder die seiner Meinung nach nicht zur Ver\u00f6ffentlichung geeignet sind, weil sie nicht mit dem Ziel in Zusammenhang stehen. In jedem Fall wird DAS UNTERNEHMEN als Verwalter seiner Website unverz\u00fcglich handeln, sobald es Kenntnis von Handlungen erlangt, die gegen diese Nutzungsbedingungen oder seine Datenschutzrichtlinie versto\u00dfen.<\/p>\n\n\n\n<h3 class=\"wp-block-heading\">LINK-RICHTLINIE<\/h3>\n\n\n\n<p>Die verlinkten Websites stehen nicht unter der Kontrolle von DEM UNTERNEHMEN und DAS UNTERNEHMEN ist nicht verantwortlich f\u00fcr den Inhalt einer verlinkten Website oder eines Links, der in einer verlinkten Website enthalten ist, oder f\u00fcr jegliche \u00c4nderungen oder Aktualisierungen solcher Websites. DAS UNTERNEHMEN stellt Ihnen diese Links nur als Annehmlichkeit zur Verf\u00fcgung, und die Aufnahme eines Links bedeutet nicht, dass DAS UNTERNEHMEN die verlinkte Website guthei\u00dft.<\/p>\n\n\n\n<h3 class=\"wp-block-heading\">RECHTE AN GEISTIGEM EIGENTUM<\/h3>\n\n\n\n<p>DAS UNTERNEHMEN ist selbst oder als Bevollm\u00e4chtigter Eigent\u00fcmer aller geistigen und gewerblichen Eigentumsrechte an seiner Website sowie an den darin enthaltenen Elementen (einschlie\u00dflich, aber nicht beschr\u00e4nkt auf Bilder, Ton, Audio, Video, Software oder Texte; Marken oder Logos, Farbkombinationen, Struktur und Design, Auswahl der verwendeten Materialien, Computerprogramme, die f\u00fcr den Betrieb, den Zugang und die Nutzung erforderlich sind, usw.). Alle Rechte vorbehalten. Gem\u00e4\u00df den Bestimmungen der Artikel 8 und 32.1, zweiter Absatz, des K\u00f6niglichen Gesetzesdekrets 1\/1996 vom 12. April, mit dem der \u00fcberarbeitete Text des Gesetzes \u00fcber das geistige Eigentum verabschiedet wurde, das die geltenden gesetzlichen Bestimmungen zu diesem Thema regelt, pr\u00e4zisiert und harmonisiert, sind die Vervielf\u00e4ltigung, die Verbreitung und die \u00f6ffentliche Bekanntmachung, einschlie\u00dflich der Modalit\u00e4t der Bereitstellung, des gesamten oder eines Teils des Inhalts dieser Webseite zu kommerziellen Zwecken, in jedem Medium und mit jedem technischen Mittel, ohne die Genehmigung DES UNTERNEHMENS ausdr\u00fccklich verboten. Der Nutzer verpflichtet sich, die Rechte an geistigem und gewerblichem Eigentum zu respektieren, deren Eigent\u00fcmer der Nutzer ist.<\/p>\n\n\n\n<p>Alle auf der Website ver\u00f6ffentlichten Inhalte und insbesondere die Designs, Texte, Bilder, Videos, Grafiken, Logos, Icons, Buttons sowie die Handelsnamen, Marken oder Zeichnungen und alle anderen Zeichen, die f\u00fcr eine industrielle und kommerzielle Nutzung in Frage kommen, unterliegen den geistigen und gewerblichen Eigentumsrechten DES UNTERNEHMENS. Unter keinen Umst\u00e4nden wird eine Lizenz erteilt oder ein Verzicht, eine \u00dcbertragung, eine vollst\u00e4ndige oder teilweise Abtretung der genannten Rechte vorgenommen, noch werden irgendwelche Rechte oder Rechtserwartungen gew\u00e4hrt, insbesondere keine \u00c4nderung, Verwertung, Vervielf\u00e4ltigung, Verbreitung oder \u00f6ffentliche Wiedergabe der genannten Inhalte ohne vorherige ausdr\u00fcckliche Genehmigung durch DAS UNTERNEHMEN.<\/p>\n\n\n\n<h3 class=\"wp-block-heading\">HAFTUNGSBESCHR\u00c4NKUNG<\/h3>\n\n\n\n<p>DAS UNTERNEHMEN haftet f\u00fcr alle Sch\u00e4den, die der Nutzer durch die Nutzung der Website erleidet, wenn diese Sch\u00e4den direkt auf ein fehlerhaftes Handeln dieses Unternehmens zur\u00fcckzuf\u00fchren sind, da es nachweislich die gesetzlichen und beh\u00f6rdlichen Anforderungen und Vorschriften nicht eingehalten hat. Es liegt in der Verantwortung des Nutzers, alle geeigneten technischen Ma\u00dfnahmen zu ergreifen, um die Risiken des offenen Surfens im Internet angemessen zu kontrollieren und Sch\u00e4den an seinen Ger\u00e4ten, den Verlust von Daten und den Diebstahl vertraulicher Informationen zu vermeiden. DAS UNTERNEHMEN haftet nicht f\u00fcr Sch\u00e4den, die durch St\u00f6rungen, Auslassungen, Unterbrechungen, Computerviren, Ausf\u00e4lle und\/oder Unterbrechungen im Betrieb dieser Website oder in den EDV-Ger\u00e4ten und Ausstattungen der Nutzer entstehen k\u00f6nnen, die durch Gr\u00fcnde au\u00dferhalb der Kontrolle DES UNTERNEHMENS verursacht werden, welche die Erbringung von Dienstleistungen oder das Surfen auf der Website verhindern oder verz\u00f6gern, oder Verz\u00f6gerungen oder St\u00f6rungen bei der Nutzung, die durch M\u00e4ngel oder \u00dcberlastung des Internets oder anderer Systeme verursacht werden, oder die Unm\u00f6glichkeit, die Dienstleistung zu erbringen oder den Zugang zu erm\u00f6glichen, aus Gr\u00fcnden, die DAS UNTERNEHMEN nicht zu vertreten hat und die auf den Nutzer, Dritte oder F\u00e4lle h\u00f6herer Gewalt zur\u00fcckzuf\u00fchren sind. DAS UNTERNEHMEN haftet nicht, wenn es keine tats\u00e4chliche Kenntnis davon hat, dass die T\u00e4tigkeit oder Information, auf die es durch seine Links verweist oder die es empfiehlt, rechtswidrig ist oder dass sie das Eigentum oder die Rechte eines schadensersatzpflichtigen Dritten sch\u00e4digt, oder wenn es eine solche Kenntnis hat, mit der gebotenen Sorgfalt handelt, um den Link oder die entsprechende Information zu entfernen oder zu deaktivieren.<\/p>\n\n\n\n<h3 class=\"wp-block-heading\">INTERNETSICHERHEIT<\/h3>\n\n\n\n<p>Die Website verwendet branchen\u00fcbliche Informationssicherheitstechniken wie Firewalls, Zugangskontrollverfahren, sichere Kommunikation oder kryptografische Mechanismen, unter anderem mit dem Ziel, Vorf\u00e4lle im Bereich der Datensicherheit (Vertraulichkeit, Integrit\u00e4t und Verf\u00fcgbarkeit) zu verhindern und zu reduzieren. Um diese Zwecke zu erreichen, akzeptiert der Nutzer, dass der Anbieter Daten f\u00fcr die Zwecke der entsprechenden Authentifizierung der Zugangskontrollen und der Bereitstellung der f\u00fcr die Nutzung der Website auszuf\u00fchrenden Dienste erh\u00e4lt.<\/p>\n\n\n\n<p>Die Online-Sicherheit wird auch \u00fcber die Konfigurationsparameter der verschiedenen Webbrowser hergestellt, weshalb es dringend empfohlen wird, diese zu konsultieren.<\/p>\n\n\n\n<h3 class=\"wp-block-heading\">GERICHTSBARKEIT UND ANWENDBARE GESETZE<\/h3>\n\n\n\n<p>Das auf diese Bedingungen anwendbare Recht ist das spanische Recht. F\u00fcr alle Streitigkeiten, die sich im Zusammenhang mit diesen Bedingungen ergeben k\u00f6nnen, unterwerfen sich die Parteien unter Verzicht auf ihre eigene Zust\u00e4ndigkeit ausdr\u00fccklich den Gerichten des in den IDENTIFIKATIONSDATEN angegebenen Wohnsitzes.<\/p>\n\n\n\n<h3 class=\"wp-block-heading\">\u00c4NDERUNG DER NUTZUNGSBEDINGUNGEN<\/h3>\n\n\n\n<p>Diese Nutzungsbedingungen k\u00f6nnen gelegentlich \u00fcberarbeitet werden, um \u00c4nderungen in der aktuellen Gesetzgebung, Aktualisierungen unserer Verfahren zur Sammlung und Nutzung von Informationen, das Erscheinen neuer Dienste oder den Ausschluss anderer Dienste zu ber\u00fccksichtigen. Diese \u00c4nderungen treten mit der Ver\u00f6ffentlichung auf der Website in Kraft. Es ist daher wichtig, dass Sie diese Nutzungsbedingungen regelm\u00e4\u00dfig \u00fcberpr\u00fcfen, um \u00fcber etwaige \u00c4nderungen informiert zu sein.<\/p>\n","protected":false},"excerpt":{"rendered":"<p>&nbsp; Datum der letzten Aktualisierung: Dies ist eine \u00dcbersetzung der spanischen Nutzungsbedingungen. Im Falle eines Konflikts zwischen den \u00dcbersetzungen ist die spanische Version ma\u00dfgebend. NUTZUNGSBEDINGUNGEN IDENTIFIKATIONSDATEN (Gesetz 34\/2002 vom 11. Juli \u00fcber die Dienste der Informationsgesellschaft und den elektronischen Gesch\u00e4ftsverkehr) Unternehmensname: TIGERNUTS TRADERS, S.L., -nachfolgend DAS UNTERNEHMEN genannt- St.Nr.: B-96667191 Firmenregistrierung: Registro mercantil de Valencia, [&hellip;]<\/p>\n","protected":false},"author":5,"featured_media":30068,"parent":0,"menu_order":0,"comment_status":"closed","ping_status":"closed","template":"","meta":{"site-sidebar-layout":"default","site-content-layout":"default","ast-site-content-layout":"default","site-content-style":"default","site-sidebar-style":"default","ast-global-header-display":"","ast-banner-title-visibility":"","ast-main-header-display":"","ast-hfb-above-header-display":"","ast-hfb-below-header-display":"","ast-hfb-mobile-header-display":"","site-post-title":"","ast-breadcrumbs-content":"","ast-featured-img":"disabled","footer-sml-layout":"","ast-disable-related-posts":"","theme-transparent-header-meta":"default","adv-header-id-meta":"","stick-header-meta":"default","header-above-stick-meta":"","header-main-stick-meta":"","header-below-stick-meta":"","astra-migrate-meta-layouts":"default","ast-page-background-enabled":"default","ast-page-background-meta":{"desktop":{"background-color":"","background-image":"","background-repeat":"repeat","background-position":"center center","background-size":"auto","background-attachment":"scroll","background-type":"","background-media":"","overlay-type":"","overlay-color":"","overlay-opacity":"","overlay-gradient":""},"tablet":{"background-color":"","background-image":"","background-repeat":"repeat","background-position":"center center","background-size":"auto","background-attachment":"scroll","background-type":"","background-media":"","overlay-type":"","overlay-color":"","overlay-opacity":"","overlay-gradient":""},"mobile":{"background-color":"","background-image":"","background-repeat":"repeat","background-position":"center center","background-size":"auto","background-attachment":"scroll","background-type":"","background-media":"","overlay-type":"","overlay-color":"","overlay-opacity":"","overlay-gradient":""}},"ast-content-background-meta":{"desktop":{"background-color":"var(--ast-global-color-5)","background-image":"","background-repeat":"repeat","background-position":"center center","background-size":"auto","background-attachment":"scroll","background-type":"","background-media":"","overlay-type":"","overlay-color":"","overlay-opacity":"","overlay-gradient":""},"tablet":{"background-color":"var(--ast-global-color-5)","background-image":"","background-repeat":"repeat","background-position":"center center","background-size":"auto","background-attachment":"scroll","background-type":"","background-media":"","overlay-type":"","overlay-color":"","overlay-opacity":"","overlay-gradient":""},"mobile":{"background-color":"var(--ast-global-color-5)","background-image":"","background-repeat":"repeat","background-position":"center center","background-size":"auto","background-attachment":"scroll","background-type":"","background-media":"","overlay-type":"","overlay-color":"","overlay-opacity":"","overlay-gradient":""}},"jetpack_post_was_ever_published":false,"footnotes":""},"class_list":["post-4362","page","type-page","status-publish","has-post-thumbnail","hentry"],"jetpack_sharing_enabled":true,"_links":{"self":[{"href":"https:\/\/www.tigernuts.com\/de\/wp-json\/wp\/v2\/pages\/4362","targetHints":{"allow":["GET"]}}],"collection":[{"href":"https:\/\/www.tigernuts.com\/de\/wp-json\/wp\/v2\/pages"}],"about":[{"href":"https:\/\/www.tigernuts.com\/de\/wp-json\/wp\/v2\/types\/page"}],"author":[{"embeddable":true,"href":"https:\/\/www.tigernuts.com\/de\/wp-json\/wp\/v2\/users\/5"}],"replies":[{"embeddable":true,"href":"https:\/\/www.tigernuts.com\/de\/wp-json\/wp\/v2\/comments?post=4362"}],"version-history":[{"count":1,"href":"https:\/\/www.tigernuts.com\/de\/wp-json\/wp\/v2\/pages\/4362\/revisions"}],"predecessor-version":[{"id":33184,"href":"https:\/\/www.tigernuts.com\/de\/wp-json\/wp\/v2\/pages\/4362\/revisions\/33184"}],"wp:featuredmedia":[{"embeddable":true,"href":"https:\/\/www.tigernuts.com\/de\/wp-json\/wp\/v2\/media\/30068"}],"wp:attachment":[{"href":"https:\/\/www.tigernuts.com\/de\/wp-json\/wp\/v2\/media?parent=4362"}],"curies":[{"name":"wp","href":"https:\/\/api.w.org\/{rel}","templated":true}]}}