{"id":2189,"date":"2014-05-23T10:24:25","date_gmt":"2014-05-23T08:24:25","guid":{"rendered":"http:\/\/tigernuts.proyectosbeta.com\/?page_id=2189"},"modified":"2025-01-26T11:53:40","modified_gmt":"2025-01-26T10:53:40","slug":"contacto","status":"publish","type":"page","link":"https:\/\/www.tigernuts.com\/es\/contacto\/","title":{"rendered":"CONTACTO"},"content":{"rendered":"\t\t<div data-elementor-type=\"wp-page\" data-elementor-id=\"2189\" class=\"elementor elementor-2189\" data-elementor-post-type=\"page\">\n\t\t\t\t\t\t<section class=\"elementor-section elementor-top-section elementor-element elementor-element-7ecb783c elementor-section-full_width elementor-section-height-min-height elementor-section-height-default elementor-section-items-middle\" data-id=\"7ecb783c\" data-element_type=\"section\" data-e-type=\"section\" data-settings=\"{&quot;background_background&quot;:&quot;slideshow&quot;,&quot;background_slideshow_gallery&quot;:[{&quot;id&quot;:31623,&quot;url&quot;:&quot;https:\\\/\\\/www.tigernuts.com\\\/wp-content\\\/uploads\\\/contact-tigernuts-laura-asensi-01.jpg&quot;},{&quot;id&quot;:31627,&quot;url&quot;:&quot;https:\\\/\\\/www.tigernuts.com\\\/wp-content\\\/uploads\\\/contact-tigernuts-laura-asensi-02.jpg&quot;}],&quot;background_slideshow_slide_duration&quot;:500,&quot;background_slideshow_transition_duration&quot;:5000,&quot;background_slideshow_loop&quot;:&quot;yes&quot;,&quot;background_slideshow_slide_transition&quot;:&quot;fade&quot;}\">\n\t\t\t\t\t\t<div class=\"elementor-container elementor-column-gap-default\">\n\t\t\t\t\t<div class=\"elementor-column elementor-col-100 elementor-top-column elementor-element elementor-element-7ad4dcb2\" data-id=\"7ad4dcb2\" data-element_type=\"column\" data-e-type=\"column\">\n\t\t\t<div class=\"elementor-widget-wrap elementor-element-populated\">\n\t\t\t\t\t\t\t<\/div>\n\t\t<\/div>\n\t\t\t\t\t<\/div>\n\t\t<\/section>\n\t\t\t\t<section class=\"elementor-section elementor-top-section elementor-element elementor-element-77ddfdea elementor-section-boxed elementor-section-height-default elementor-section-height-default\" data-id=\"77ddfdea\" data-element_type=\"section\" data-e-type=\"section\">\n\t\t\t\t\t\t<div class=\"elementor-container elementor-column-gap-default\">\n\t\t\t\t\t<div class=\"elementor-column elementor-col-100 elementor-top-column elementor-element elementor-element-38385044\" data-id=\"38385044\" data-element_type=\"column\" data-e-type=\"column\">\n\t\t\t<div class=\"elementor-widget-wrap elementor-element-populated\">\n\t\t\t\t\t\t<div class=\"elementor-element elementor-element-27f97f86 elementor-widget elementor-widget-spacer\" data-id=\"27f97f86\" data-element_type=\"widget\" data-e-type=\"widget\" data-widget_type=\"spacer.default\">\n\t\t\t\t<div class=\"elementor-widget-container\">\n\t\t\t\t\t\t\t<div class=\"elementor-spacer\">\n\t\t\t<div class=\"elementor-spacer-inner\"><\/div>\n\t\t<\/div>\n\t\t\t\t\t\t<\/div>\n\t\t\t\t<\/div>\n\t\t\t\t\t<\/div>\n\t\t<\/div>\n\t\t\t\t\t<\/div>\n\t\t<\/section>\n\t\t\t\t<section class=\"elementor-section elementor-top-section elementor-element elementor-element-1dfcbfd7 elementor-section-boxed elementor-section-height-default elementor-section-height-default\" data-id=\"1dfcbfd7\" data-element_type=\"section\" data-e-type=\"section\">\n\t\t\t\t\t\t<div class=\"elementor-container elementor-column-gap-default\">\n\t\t\t\t\t<div class=\"elementor-column elementor-col-100 elementor-top-column elementor-element elementor-element-333cfde6\" data-id=\"333cfde6\" data-element_type=\"column\" data-e-type=\"column\">\n\t\t\t<div class=\"elementor-widget-wrap elementor-element-populated\">\n\t\t\t\t\t\t<div class=\"elementor-element elementor-element-4524c752 elementor-widget elementor-widget-text-editor\" data-id=\"4524c752\" data-element_type=\"widget\" data-e-type=\"widget\" data-widget_type=\"text-editor.default\">\n\t\t\t\t<div class=\"elementor-widget-container\">\n\t\t\t\t\t\t\t\t\t<p>POR FAVOR RELLENA EL FORMULARIO PARA CONTACTAR CON NOSOTROS.<\/p>\t\t\t\t\t\t\t\t<\/div>\n\t\t\t\t<\/div>\n\t\t\t\t<div class=\"elementor-element elementor-element-112ca465 sendemailtotigernuts elementor-widget elementor-widget-text-editor\" data-id=\"112ca465\" data-element_type=\"widget\" data-e-type=\"widget\" data-widget_type=\"text-editor.default\">\n\t\t\t\t<div class=\"elementor-widget-container\">\n\t\t\t\t\t\t\t\t\t<p>SI PREFIERES HACERLO POR EMAIL, POR FAVOR ENV\u00cdA UN MENSAJE A <a href=\"mailto:info@tigernuts.com\">INFO@TIGERNUTS.COM<\/a>.<\/p>\t\t\t\t\t\t\t\t<\/div>\n\t\t\t\t<\/div>\n\t\t\t\t\t<\/div>\n\t\t<\/div>\n\t\t\t\t\t<\/div>\n\t\t<\/section>\n\t\t\t\t<section class=\"elementor-section elementor-top-section elementor-element elementor-element-37ce6c3 elementor-section-boxed elementor-section-height-default elementor-section-height-default\" data-id=\"37ce6c3\" data-element_type=\"section\" data-e-type=\"section\">\n\t\t\t\t\t\t<div class=\"elementor-container elementor-column-gap-default\">\n\t\t\t\t\t<div class=\"elementor-column elementor-col-50 elementor-top-column elementor-element elementor-element-3f9611aa\" data-id=\"3f9611aa\" data-element_type=\"column\" data-e-type=\"column\">\n\t\t\t<div class=\"elementor-widget-wrap elementor-element-populated\">\n\t\t\t\t\t\t<div class=\"elementor-element elementor-element-108e6222 elementor-widget elementor-widget-text-editor\" data-id=\"108e6222\" data-element_type=\"widget\" data-e-type=\"widget\" data-widget_type=\"text-editor.default\">\n\t\t\t\t<div class=\"elementor-widget-container\">\n\t\t\t\t\t\t\t\t\t<p>Te informamos que tus datos personales de Nombre y Apellidos y cuenta de e-mail, ser\u00e1n incorporados a un fichero cuyo titular es Tigernuts Traders S.L. con la finalidad de atender tus consultas.<\/p><p>La base legal del tratamiento es tu propio consentimiento al facilitar los datos con dicha finalidad.<\/p><p>No est\u00e1 prevista ninguna cesi\u00f3n de sus datos a terceros.<\/p><p>Te informamos de la posibilidad de ejercer tus derechos de acceso, rectificaci\u00f3n, supresi\u00f3n, oposici\u00f3n, limitaci\u00f3n y portabilidad a trav\u00e9s de la direcci\u00f3n electr\u00f3nica info@tigernuts.com.<\/p><p>Si no deseas recibir nuestra informaci\u00f3n, env\u00eda un correo electr\u00f3nico desde la cuenta con la que te registraste, indicando en el asunto la palabra BAJA.<\/p><p>Puedes consultar nuestra pol\u00edtica de privacidad <a href=\"https:\/\/www.tigernuts.es\/aviso-legal\/\" target=\"_blank\" rel=\"nofollow noopener noreferrer\">aqu\u00ed<\/a>.<\/p>\t\t\t\t\t\t\t\t<\/div>\n\t\t\t\t<\/div>\n\t\t\t\t<div class=\"elementor-element elementor-element-4566e985 elementor-widget elementor-widget-spacer\" data-id=\"4566e985\" data-element_type=\"widget\" data-e-type=\"widget\" data-widget_type=\"spacer.default\">\n\t\t\t\t<div class=\"elementor-widget-container\">\n\t\t\t\t\t\t\t<div class=\"elementor-spacer\">\n\t\t\t<div class=\"elementor-spacer-inner\"><\/div>\n\t\t<\/div>\n\t\t\t\t\t\t<\/div>\n\t\t\t\t<\/div>\n\t\t\t\t\t<\/div>\n\t\t<\/div>\n\t\t\t\t<div class=\"elementor-column elementor-col-50 elementor-top-column elementor-element elementor-element-6956451b\" data-id=\"6956451b\" data-element_type=\"column\" data-e-type=\"column\">\n\t\t\t<div class=\"elementor-widget-wrap elementor-element-populated\">\n\t\t\t\t\t\t<div class=\"elementor-element elementor-element-7e3e2d58 premium-cf7-button-fwidth-yes elementor-widget elementor-widget-premium-contact-form\" data-id=\"7e3e2d58\" data-element_type=\"widget\" data-e-type=\"widget\" data-widget_type=\"premium-contact-form.default\">\n\t\t\t\t<div class=\"elementor-widget-container\">\n\t\t\t\t\t\n\t\t\t\n\t\t\t<div class=\"premium-cf7-container\" data-settings=\"{&quot;fields_glass&quot;:&quot;none&quot;,&quot;submit_glass&quot;:&quot;none&quot;}\">\n\t\t\t\t\n<div class=\"wpcf7 no-js\" id=\"wpcf7-f208-o1\" lang=\"en-US\" dir=\"ltr\" data-wpcf7-id=\"208\">\n<div class=\"screen-reader-response\"><p role=\"status\" aria-live=\"polite\" aria-atomic=\"true\"><\/p> <ul><\/ul><\/div>\n<form action=\"\/es\/wp-json\/wp\/v2\/pages\/2189#wpcf7-f208-o1\" method=\"post\" class=\"wpcf7-form init\" aria-label=\"Contact form\" novalidate=\"novalidate\" data-status=\"init\">\n<fieldset class=\"hidden-fields-container\"><input type=\"hidden\" name=\"_wpcf7\" value=\"208\" \/><input type=\"hidden\" name=\"_wpcf7_version\" value=\"6.1.5\" \/><input type=\"hidden\" name=\"_wpcf7_locale\" value=\"en_US\" \/><input type=\"hidden\" name=\"_wpcf7_unit_tag\" value=\"wpcf7-f208-o1\" \/><input type=\"hidden\" name=\"_wpcf7_container_post\" value=\"0\" \/><input type=\"hidden\" name=\"_wpcf7_posted_data_hash\" value=\"\" \/>\n<\/fieldset>\n<p class=\"span4 field\"><span class=\"wpcf7-form-control-wrap\" data-name=\"your-name\"><input size=\"40\" maxlength=\"400\" class=\"wpcf7-form-control wpcf7-text wpcf7-validates-as-required\" aria-required=\"true\" aria-invalid=\"false\" placeholder=\"Persona de contacto *\" value=\"\" type=\"text\" name=\"your-name\" \/><\/span>\n<\/p>\n<p class=\"span4 field\"><span class=\"wpcf7-form-control-wrap\" data-name=\"empresa\"><input size=\"40\" maxlength=\"400\" class=\"wpcf7-form-control wpcf7-text wpcf7-validates-as-required\" aria-required=\"true\" aria-invalid=\"false\" placeholder=\"Empresa *\" value=\"\" type=\"text\" name=\"empresa\" \/><\/span>\n<\/p>\n<p class=\"span4 field\"><span class=\"wpcf7-form-control-wrap\" data-name=\"direccion\"><input size=\"40\" maxlength=\"400\" class=\"wpcf7-form-control wpcf7-text\" aria-invalid=\"false\" placeholder=\"Direcci\u00f3n\" value=\"\" type=\"text\" name=\"direccion\" \/><\/span>\n<\/p>\n<p class=\"span4 field\"><span class=\"wpcf7-form-control-wrap\" data-name=\"cp\"><input size=\"40\" maxlength=\"400\" class=\"wpcf7-form-control wpcf7-text\" aria-invalid=\"false\" placeholder=\"C\u00f3digo Postal + Ciudad + Pa\u00eds\" value=\"\" type=\"text\" name=\"cp\" \/><\/span>\n<\/p>\n<p class=\"span4 field\"><span class=\"wpcf7-form-control-wrap\" data-name=\"telefono\"><input size=\"40\" maxlength=\"400\" class=\"wpcf7-form-control wpcf7-text wpcf7-validates-as-required\" aria-required=\"true\" aria-invalid=\"false\" placeholder=\"Tel\u00e9fono *\" value=\"\" type=\"text\" name=\"telefono\" \/><\/span>\n<\/p>\n<p class=\"span4 field\"><span class=\"wpcf7-form-control-wrap\" data-name=\"your-email\"><input size=\"40\" maxlength=\"400\" class=\"wpcf7-form-control wpcf7-email wpcf7-validates-as-required wpcf7-text wpcf7-validates-as-email\" aria-required=\"true\" aria-invalid=\"false\" value=\"E-mail *\" type=\"email\" name=\"your-email\" \/><\/span>\n<\/p>\n<p class=\"span4 field\"><span class=\"wpcf7-form-control-wrap\" data-name=\"your-message\"><textarea cols=\"40\" rows=\"10\" maxlength=\"2000\" class=\"wpcf7-form-control wpcf7-textarea\" aria-invalid=\"false\" placeholder=\"Mensaje\" name=\"your-message\"><\/textarea><\/span>\n<\/p>\n<p class=\"span4\"><span class=\"wpcf7-form-control-wrap\" data-name=\"acceptance-906\"><span class=\"wpcf7-form-control wpcf7-acceptance\"><span class=\"wpcf7-list-item\"><label><input type=\"checkbox\" name=\"acceptance-906\" value=\"1\" aria-invalid=\"false\" \/><span class=\"wpcf7-list-item-label\">Si pulsas el bot\u00f3n de ENVIAR est\u00e1s aceptando las <a href=\"https:\/\/www.tigernuts.com\/es\/aviso-legal\/\" rel=\"nofollow noopener noreferrer\" target=\"_blank\">condiciones legales<\/a> y la <a href=\"https:\/\/www.tigernuts.com\/es\/politica-de-privacidad\/\" rel=\"nofollow noopener noreferrer\" target=\"_blank\">pol\u00edtica de privacidad<\/a>.<\/span><\/label><\/span><\/span><\/span>\n<\/p>\n<p class=\"span2 field\"><input class=\"wpcf7-form-control wpcf7-submit has-spinner\" type=\"submit\" value=\"Enviar\" \/>\n<\/p><p style=\"display: none !important;\" class=\"akismet-fields-container\" data-prefix=\"_wpcf7_ak_\"><label>&#916;<textarea name=\"_wpcf7_ak_hp_textarea\" cols=\"45\" rows=\"8\" maxlength=\"100\"><\/textarea><\/label><input type=\"hidden\" id=\"ak_js_1\" name=\"_wpcf7_ak_js\" value=\"181\"\/><script>document.getElementById( \"ak_js_1\" ).setAttribute( \"value\", ( new Date() ).getTime() );<\/script><\/p><div class=\"wpcf7-response-output\" aria-hidden=\"true\"><\/div>\n<\/form>\n<\/div>\n\t\t\t<\/div>\n\n\t\t\t\t\t\t\t<\/div>\n\t\t\t\t<\/div>\n\t\t\t\t\t<\/div>\n\t\t<\/div>\n\t\t\t\t\t<\/div>\n\t\t<\/section>\n\t\t\t\t<\/div>\n\t\t","protected":false},"excerpt":{"rendered":"<p>POR FAVOR RELLENA EL FORMULARIO PARA CONTACTAR CON NOSOTROS. SI PREFIERES HACERLO POR EMAIL, POR FAVOR ENV\u00cdA UN MENSAJE A INFO@TIGERNUTS.COM. Te informamos que tus datos personales de Nombre y Apellidos y cuenta de e-mail, ser\u00e1n incorporados a un fichero cuyo titular es Tigernuts Traders S.L. con la finalidad de atender tus consultas. La base [&hellip;]<\/p>\n","protected":false},"author":5,"featured_media":30069,"parent":0,"menu_order":0,"comment_status":"closed","ping_status":"closed","template":"","meta":{"site-sidebar-layout":"default","site-content-layout":"default","ast-site-content-layout":"default","site-content-style":"default","site-sidebar-style":"default","ast-global-header-display":"","ast-banner-title-visibility":"","ast-main-header-display":"","ast-hfb-above-header-display":"","ast-hfb-below-header-display":"","ast-hfb-mobile-header-display":"","site-post-title":"disabled","ast-breadcrumbs-content":"","ast-featured-img":"disabled","footer-sml-layout":"","ast-disable-related-posts":"","theme-transparent-header-meta":"default","adv-header-id-meta":"","stick-header-meta":"default","header-above-stick-meta":"","header-main-stick-meta":"","header-below-stick-meta":"","astra-migrate-meta-layouts":"default","ast-page-background-enabled":"default","ast-page-background-meta":{"desktop":{"background-color":"","background-image":"","background-repeat":"repeat","background-position":"center center","background-size":"auto","background-attachment":"scroll","background-type":"","background-media":"","overlay-type":"","overlay-color":"","overlay-opacity":"","overlay-gradient":""},"tablet":{"background-color":"","background-image":"","background-repeat":"repeat","background-position":"center center","background-size":"auto","background-attachment":"scroll","background-type":"","background-media":"","overlay-type":"","overlay-color":"","overlay-opacity":"","overlay-gradient":""},"mobile":{"background-color":"","background-image":"","background-repeat":"repeat","background-position":"center center","background-size":"auto","background-attachment":"scroll","background-type":"","background-media":"","overlay-type":"","overlay-color":"","overlay-opacity":"","overlay-gradient":""}},"ast-content-background-meta":{"desktop":{"background-color":"var(--ast-global-color-5)","background-image":"","background-repeat":"repeat","background-position":"center center","background-size":"auto","background-attachment":"scroll","background-type":"","background-media":"","overlay-type":"","overlay-color":"","overlay-opacity":"","overlay-gradient":""},"tablet":{"background-color":"var(--ast-global-color-5)","background-image":"","background-repeat":"repeat","background-position":"center center","background-size":"auto","background-attachment":"scroll","background-type":"","background-media":"","overlay-type":"","overlay-color":"","overlay-opacity":"","overlay-gradient":""},"mobile":{"background-color":"var(--ast-global-color-5)","background-image":"","background-repeat":"repeat","background-position":"center center","background-size":"auto","background-attachment":"scroll","background-type":"","background-media":"","overlay-type":"","overlay-color":"","overlay-opacity":"","overlay-gradient":""}},"jetpack_post_was_ever_published":false,"footnotes":""},"class_list":["post-2189","page","type-page","status-publish","has-post-thumbnail","hentry"],"jetpack_sharing_enabled":true,"_links":{"self":[{"href":"https:\/\/www.tigernuts.com\/es\/wp-json\/wp\/v2\/pages\/2189","targetHints":{"allow":["GET"]}}],"collection":[{"href":"https:\/\/www.tigernuts.com\/es\/wp-json\/wp\/v2\/pages"}],"about":[{"href":"https:\/\/www.tigernuts.com\/es\/wp-json\/wp\/v2\/types\/page"}],"author":[{"embeddable":true,"href":"https:\/\/www.tigernuts.com\/es\/wp-json\/wp\/v2\/users\/5"}],"replies":[{"embeddable":true,"href":"https:\/\/www.tigernuts.com\/es\/wp-json\/wp\/v2\/comments?post=2189"}],"version-history":[{"count":1,"href":"https:\/\/www.tigernuts.com\/es\/wp-json\/wp\/v2\/pages\/2189\/revisions"}],"predecessor-version":[{"id":39992,"href":"https:\/\/www.tigernuts.com\/es\/wp-json\/wp\/v2\/pages\/2189\/revisions\/39992"}],"wp:featuredmedia":[{"embeddable":true,"href":"https:\/\/www.tigernuts.com\/es\/wp-json\/wp\/v2\/media\/30069"}],"wp:attachment":[{"href":"https:\/\/www.tigernuts.com\/es\/wp-json\/wp\/v2\/media?parent=2189"}],"curies":[{"name":"wp","href":"https:\/\/api.w.org\/{rel}","templated":true}]}}