{"id":23488,"date":"2021-07-19T11:20:17","date_gmt":"2021-07-19T09:20:17","guid":{"rendered":"https:\/\/www.tigernuts.com\/?page_id=23488"},"modified":"2025-06-25T17:30:14","modified_gmt":"2025-06-25T15:30:14","slug":"politica-de-privacidad","status":"publish","type":"page","link":"https:\/\/www.tigernuts.com\/es\/politica-de-privacidad\/","title":{"rendered":"Pol\u00edtica de privacidad"},"content":{"rendered":"\n<p>&nbsp;Fecha de \u00faltima actualizaci\u00f3n: 01\/04\/2026<\/p>\n\n\n\n\n\n<h2 class=\"wp-block-heading\">POL\u00cdTICA DE PRIVACIDAD<\/h2>\n\n\n\n<h3 class=\"wp-block-heading\">\u00bfQUI\u00c9N ES EL RESPONSABLE DEL TRATAMIENTO?<\/h3>\n\n\n\n<ul class=\"wp-block-list\">\n<li>Identidad del responsable: TIGERNUTS<br>TRADERS, S.L. (CIF: B-96667191) <\/li>\n\n\n\n<li>Direcci\u00f3n f\u00edsica: Avda. La Pobla De<br>Vallbona, 39, 46183, L\u2019Eliana \u2013 Valencia (Espa\u00f1a)<\/li>\n\n\n\n<li>Correo electr\u00f3nico: <a href=\"mailto:info@tigernuts.com\">info@tigernuts.com<\/a> <\/li>\n\n\n\n<li>Fax: +34 96 274 02 49<\/li>\n<\/ul>\n\n\n\n<h3 class=\"wp-block-heading\">\u00bfQU\u00c9 DATOS PERSONALES TRATAMOS?<\/h3>\n\n\n\n<p>En el marco de los distintos tratamientos de actividades realizadas en la organizaci\u00f3n, &nbsp;se recaban los siguiente tipos:<\/p>\n\n\n\n<ul class=\"wp-block-list\">\n<li><strong>Datos de car\u00e1cter identificativos<\/strong><\/li>\n<\/ul>\n\n\n\n<h3 class=\"wp-block-heading\">\u00bfCON QU\u00c9 FINALIDAD Y CASOS ESPEC\u00cdFICOS CON QUETRATAMOS LOS DATOS PERSONALES?<\/h3>\n\n\n\n<p>En <strong>www.tigernuts.com<\/strong>&nbsp; se tratan los datos personales con las siguientes finalidades:<\/p>\n\n\n\n<ul class=\"wp-block-list\">\n<li>Contacto: responder a las solicitudes de informaci\u00f3n recibidas sobre los productos y servicios que se ofrecen, as\u00ed como dar respuesta a cualquier otro tipo de pregunta que env\u00eden los usuarios, a trav\u00e9s del formulario de contacto, o a trav\u00e9s de correo electr\u00f3nico, fax, o cualquier medio de contacto de la empresa.<\/li>\n\n\n\n<li>Newsletter: env\u00edo de boletines informativos con la finalidad de mantenerle informado acerca de novedades, noticias, productos y servicios relacionados con nosotros o nuestro sector.<\/li>\n<\/ul>\n\n\n\n<p>Con los datos personales recabados no se elaboraran perfiles ni se realizar\u00e1n decisiones automatizadas.<\/p>\n\n\n\n<h3 class=\"wp-block-heading\">\u00bfCU\u00c1L ES LA LEGITIMACI\u00d3N PARA EL TRATAMIENTO DE LOS DATOS?<\/h3>\n\n\n\n<p>En la organizaci\u00f3n se pueden tratar informaci\u00f3n de car\u00e1cter personal para:<\/p>\n\n\n\n<ul class=\"wp-block-list\">\n<li><strong>Consentimiento: <\/strong>Al acceder a nuestra web y rellenar los formularios o enviarnos datos a trav\u00e9s de los medios de contacto electr\u00f3nicos indicados, aceptas esta Pol\u00edtica de Privacidad. Es por ello, que nos basamos en el consentimiento del usuario para el tratamiento de sus datos. Adicionalmente, te informamos que s\u00f3lo usaremos la informaci\u00f3n de car\u00e1cter personal en virtud de esta Pol\u00edtica de Privacidad y, con car\u00e1cter general, solicitaremos tu consentimiento para usos con fines distintos de aqu\u00e9llos para los cuales los otorgaste inicialmente. Finalmente, te informamos que puedes retirar el consentimiento en cualquier momento, solo tendr\u00e1s que ponerte en contacto con nosotros a trav\u00e9s de los medios indicados en esta pol\u00edtica de privacidad<\/li>\n<\/ul>\n\n\n\n<p>Para la respuesta a las solicitudes, el interesado deber\u00e1 proporcionar la informaci\u00f3n m\u00ednima solicitada. En caso contrato, no podr\u00e1n ser atendidas.<\/p>\n\n\n\n<h3 class=\"wp-block-heading\">\u00bfDURANTE CU\u00c1NTO TRATAMOS LOS DATOS PERSONALES?<\/h3>\n\n\n\n<p>Se tratan los datos personales durante los siguientes plazos:<\/p>\n\n\n\n<ul class=\"wp-block-list\">\n<li>El periodo establecido por la ley<\/li>\n\n\n\n<li>El per\u00edodo necesario para cumplir con las obligaciones operativas<\/li>\n<\/ul>\n\n\n\n<p>Se conservar\u00e1n los datos durante el tiempo necesario para cumplir con la finalidad para la que se recabaron y para determinar las posibles responsabilidades que se pudieran derivar de dicha finalidad y del tratamiento de los datos, conforme las normativas anteriormente expuestas, adem\u00e1s de los periodos establecidos en la normativa de archivos y documentaci\u00f3n que sea de aplicaci\u00f3n.<\/p>\n\n\n\n<h3 class=\"wp-block-heading\">\u00bfCON QUI\u00c9N COMPARTIMOS LOS DATOS PERSONALES?<\/h3>\n\n\n\n<p>Para cumplir las finalidades anteriormente descritas, se puede compartir datos personales con:<\/p>\n\n\n\n<ul class=\"wp-block-list\">\n<li>Proveedores de servicios que realizan servicios a nuestro nombre<\/li>\n<\/ul>\n\n\n\n<p>No se realizan transferencias internacionales fuera del Espacio Econ\u00f3mico Europeo<\/p>\n\n\n\n<h3 class=\"wp-block-heading\">\u00bfQU\u00c9 DERECHOS PUEDES EJERCER?<\/h3>\n\n\n\n<p>Seg\u00fan la normativa europea los derechos que le asisten son los siguientes:<\/p>\n\n\n\n<ul class=\"wp-block-list\">\n<li><strong>Acceso,<\/strong> derecho a solicitar informaci\u00f3n al responsable de un fichero sobre si sus datos personales est\u00e1n siendo tratados.<\/li>\n\n\n\n<li><strong>Rectificaci\u00f3n,<\/strong> derecho que permite a la persona afectada solicitar la modificaci\u00f3n de datos que sean inexactos o incompletos.<\/li>\n\n\n\n<li><strong>Oposici\u00f3n,<\/strong> derecho de una persona a oponerse al tratamiento de sus datos personales o el cese de \u00e9stos.<\/li>\n\n\n\n<li><strong>Decisiones individuales automatizadas<\/strong>, derecho a no ser objeto de una decisi\u00f3n basada \u00fanicamente en el tratamiento automatizado, incluida la elaboraci\u00f3n de perfiles, que produzca efectos jur\u00eddicos en \u00e9l o le afecte significativamente de modo similar<\/li>\n\n\n\n<li><strong>Limitaci\u00f3n,<\/strong> derecho a suspender el tratamiento de los datos personales del usuario en determinados supuestos<\/li>\n\n\n\n<li><strong>Supresi\u00f3n u Olvido<\/strong>, derecho a supresi\u00f3n de los datos personales del interesado<\/li>\n\n\n\n<li><strong>Portabilidad,<\/strong> derecho a solicitar al responsable del tratamiento que se le faciliten los datos personales en un formato estructurado y claro a otro responsable.<\/li>\n<\/ul>\n\n\n\n<p>El plazo m\u00e1ximo para la resoluci\u00f3n de la solicitud es de 30 d\u00edas desde su recepci\u00f3n, puede prorrogarse como m\u00e1ximo por un plazo de 2 meses siempre que sea necesario.<\/p>\n\n\n\n<p>El solicitante puede ejercer sus derechos a trav\u00e9s de los siguientes medios:&nbsp;<\/p>\n\n\n\n<ul class=\"wp-block-list\">\n<li>Email a \u00a0info@tigernuts.com.<\/li>\n\n\n\n<li>Correo postal a Avda. La Pobla De Vallbona, 39, 46183, L\u2019Eliana \u2013 Valencia (Espa\u00f1a).<\/li>\n<\/ul>\n\n\n\n<p>En ambos casos, en caso necesario se podr\u00e1 requerir documentaci\u00f3n que acredite la identidad del solicitante. En cualquier caso, puede solicitar la tutela de la Agencia Espa\u00f1ola de Protecci\u00f3n de Datos a trav\u00e9s de su <a href=\"http:\/\/www.aepd.es\">p\u00e1gina web<\/a>.<\/p>\n\n\n\n<p>En este sentido se atender\u00e1 su solicitud a la mayor brevedad posible y teniendo en cuenta los plazos previstos en la normativa en materia de protecci\u00f3n de datos.<\/p>\n\n\n\n<h2 class=\"wp-block-heading\">CAMBIOS EN ESTA POL\u00cdTICA DE PRIVACIDAD<\/h2>\n\n\n\n<p>Eventualmente, esta Pol\u00edtica de Privacidad puede ser revisada con el fin de actualizar los cambios en la legislaci\u00f3n vigente, actualizar los procedimientos de recogida y uso de la informaci\u00f3n de car\u00e1cter personal, la aparici\u00f3n de nuevos servicios o la exclusi\u00f3n de otros. Estos cambios ser\u00e1n vigentes a partir de su publicaci\u00f3n en la web, por lo que es importante que revises regularmente esta Pol\u00edtica de Privacidad con el fin de permanecer informado sobre los cambios habidos.<\/p>\n","protected":false},"excerpt":{"rendered":"<p>&nbsp;Fecha de \u00faltima actualizaci\u00f3n: POL\u00cdTICA DE PRIVACIDAD \u00bfQUI\u00c9N ES EL RESPONSABLE DEL TRATAMIENTO? \u00bfQU\u00c9 DATOS PERSONALES TRATAMOS? En el marco de los distintos tratamientos de actividades realizadas en la organizaci\u00f3n, &nbsp;se recaban los siguiente tipos: \u00bfCON QU\u00c9 FINALIDAD Y CASOS ESPEC\u00cdFICOS CON QUETRATAMOS LOS DATOS PERSONALES? En www.tigernuts.com&nbsp; se tratan los datos personales con las [&hellip;]<\/p>\n","protected":false},"author":5,"featured_media":30069,"parent":0,"menu_order":0,"comment_status":"closed","ping_status":"closed","template":"","meta":{"site-sidebar-layout":"default","site-content-layout":"default","ast-site-content-layout":"default","site-content-style":"default","site-sidebar-style":"default","ast-global-header-display":"","ast-banner-title-visibility":"","ast-main-header-display":"","ast-hfb-above-header-display":"","ast-hfb-below-header-display":"","ast-hfb-mobile-header-display":"","site-post-title":"","ast-breadcrumbs-content":"","ast-featured-img":"disabled","footer-sml-layout":"","ast-disable-related-posts":"","theme-transparent-header-meta":"default","adv-header-id-meta":"","stick-header-meta":"default","header-above-stick-meta":"","header-main-stick-meta":"","header-below-stick-meta":"","astra-migrate-meta-layouts":"set","ast-page-background-enabled":"default","ast-page-background-meta":{"desktop":{"background-color":"","background-image":"","background-repeat":"repeat","background-position":"center center","background-size":"auto","background-attachment":"scroll","background-type":"","background-media":"","overlay-type":"","overlay-color":"","overlay-opacity":"","overlay-gradient":""},"tablet":{"background-color":"","background-image":"","background-repeat":"repeat","background-position":"center center","background-size":"auto","background-attachment":"scroll","background-type":"","background-media":"","overlay-type":"","overlay-color":"","overlay-opacity":"","overlay-gradient":""},"mobile":{"background-color":"","background-image":"","background-repeat":"repeat","background-position":"center center","background-size":"auto","background-attachment":"scroll","background-type":"","background-media":"","overlay-type":"","overlay-color":"","overlay-opacity":"","overlay-gradient":""}},"ast-content-background-meta":{"desktop":{"background-color":"var(--ast-global-color-5)","background-image":"","background-repeat":"repeat","background-position":"center center","background-size":"auto","background-attachment":"scroll","background-type":"","background-media":"","overlay-type":"","overlay-color":"","overlay-opacity":"","overlay-gradient":""},"tablet":{"background-color":"var(--ast-global-color-5)","background-image":"","background-repeat":"repeat","background-position":"center center","background-size":"auto","background-attachment":"scroll","background-type":"","background-media":"","overlay-type":"","overlay-color":"","overlay-opacity":"","overlay-gradient":""},"mobile":{"background-color":"var(--ast-global-color-5)","background-image":"","background-repeat":"repeat","background-position":"center center","background-size":"auto","background-attachment":"scroll","background-type":"","background-media":"","overlay-type":"","overlay-color":"","overlay-opacity":"","overlay-gradient":""}},"jetpack_post_was_ever_published":false,"footnotes":""},"class_list":["post-23488","page","type-page","status-publish","has-post-thumbnail","hentry"],"jetpack_sharing_enabled":true,"_links":{"self":[{"href":"https:\/\/www.tigernuts.com\/es\/wp-json\/wp\/v2\/pages\/23488","targetHints":{"allow":["GET"]}}],"collection":[{"href":"https:\/\/www.tigernuts.com\/es\/wp-json\/wp\/v2\/pages"}],"about":[{"href":"https:\/\/www.tigernuts.com\/es\/wp-json\/wp\/v2\/types\/page"}],"author":[{"embeddable":true,"href":"https:\/\/www.tigernuts.com\/es\/wp-json\/wp\/v2\/users\/5"}],"replies":[{"embeddable":true,"href":"https:\/\/www.tigernuts.com\/es\/wp-json\/wp\/v2\/comments?post=23488"}],"version-history":[{"count":1,"href":"https:\/\/www.tigernuts.com\/es\/wp-json\/wp\/v2\/pages\/23488\/revisions"}],"predecessor-version":[{"id":40133,"href":"https:\/\/www.tigernuts.com\/es\/wp-json\/wp\/v2\/pages\/23488\/revisions\/40133"}],"wp:featuredmedia":[{"embeddable":true,"href":"https:\/\/www.tigernuts.com\/es\/wp-json\/wp\/v2\/media\/30069"}],"wp:attachment":[{"href":"https:\/\/www.tigernuts.com\/es\/wp-json\/wp\/v2\/media?parent=23488"}],"curies":[{"name":"wp","href":"https:\/\/api.w.org\/{rel}","templated":true}]}}