{"id":4358,"date":"2014-09-11T11:18:45","date_gmt":"2014-09-11T09:18:45","guid":{"rendered":"http:\/\/tigernuts.proyectosbeta.com\/?page_id=4358"},"modified":"2022-07-11T19:24:06","modified_gmt":"2022-07-11T17:24:06","slug":"aviso-legal","status":"publish","type":"page","link":"https:\/\/www.tigernuts.com\/es\/aviso-legal\/","title":{"rendered":"Aviso Legal"},"content":{"rendered":"\n<p>&nbsp;Fecha de \u00faltima actualizaci\u00f3n: 1 de April de 2026<\/p>\n\n\n\n\n\n<h2 class=\"wp-block-heading\">AVISO LEGAL \/ CONDICIONES DE USO<\/h2>\n\n\n\n<h3 class=\"wp-block-heading\">DATOS IDENTIFICATIVOS (Ley 34\/2002, de 11 de julio, de servicios de la sociedad de la informaci\u00f3n y de comercio electr\u00f3nico)<\/h3>\n\n\n\n<ul class=\"wp-block-list\"><li>Raz\u00f3n Social: TIGERNUTS TRADERS, S.L., -en adelante, LA EMPRESA-<\/li><li>CIF: B-96667191<\/li><li>Datos registrales: Registro mercantil de Valencia, Tomo 5855, Libro 3161, Folio 14, Secci\u00f3n 8, Hoja V-55660.<\/li><li>Domicilio: Avda. La Pobla De Vallbona, 39, 46183, L\u2019Eliana \u2013 Valencia (Espa\u00f1a)<\/li><li>Correo electr\u00f3nico: info@tigernuts.com <\/li><li>Tel\u00e9fono:  +34 962 74 09 32  <\/li><li>Fax: +34 96 274 02 49.<\/li><li>Datos registrales: Se ha hecho constar por nota al margen de la inscripci\u00f3n 4\u00aa, de la hoja V-55.660, Sabierta en la Oficina del Registro Mercantil de Valencia, a la mercantil \u00abTIGERNUTS TRADERS SL\u00bb, obrante al folio 14, del tomo 5855, libro 3161 de la Secci\u00f3n General. Fecha de aceptaci\u00f3n de la inscripci\u00f3n: 27\/noviembre\/2006.<\/li><\/ul>\n\n\n\n<h3 class=\"wp-block-heading\"><strong>USO DE LA WEB<\/strong><\/h3>\n\n\n\n<p>LA\nEMPRESA proporciona el acceso a multitud de informaciones y servicios\npertenecientes a LA EMPRESA qui\u00e9n asume la responsabilidad del uso de la web.\nDicha responsabilidad se extiende a los registros que fuese necesario para\nacceder a determinados servicios o contenidos. En dichos registros el usuario\nser\u00e1 responsable de aportar informaci\u00f3n veraz y l\u00edcita. El usuario se\ncompromete a hacer un uso adecuado de los contenidos y servicios que LA EMPRESA\nofrece a trav\u00e9s de su web. LA EMPRESA se reserva el derecho de retirar todos\naquellos comentarios y aportaciones que vulneren el respeto a la dignidad de la\npersona, que sean discriminatorios, xen\u00f3fobos, racistas, pornogr\u00e1ficos, que\natenten contra la juventud o la infancia, el orden o la seguridad p\u00fablica o\nque, a su juicio, no resultaran adecuados para su publicaci\u00f3n por no estar\nrelacionados con el objetivo. En cualquier caso, LA EMPRESA como administrador\nde su web, actuar\u00e1 diligentemente nada m\u00e1s tenga conocimiento de actos\ncometidos en contra de las presentes Condiciones de Uso o de su Pol\u00edtica de\nPrivacidad.<\/p>\n\n\n\n<h3 class=\"wp-block-heading\">POL\u00cdTICA DE ENLACES<\/h3>\n\n\n\n<p>Los\nsitios web enlazados no est\u00e1n controlados por LA EMPRESA y por ello no se hace\nresponsable de los contenidos de ning\u00fan sitio enlazado ni de ning\u00fan enlace que se\nencuentre en cualquier sitio web enlazado, ni de ning\u00fan cambio o actualizaci\u00f3n\nde tales sitios web. LA EMPRESA s\u00f3lo le est\u00e1 proporcionando estos enlaces a\nusted para su comodidad, y la inclusi\u00f3n de cualquier enlace no implica la\naprobaci\u00f3n del sitio web por LA EMPRESA.<strong><br>\n<\/strong><\/p>\n\n\n\n<h3 class=\"wp-block-heading\">DERECHOS DE PROPIEDAD INTELECTUAL<\/h3>\n\n\n\n<p>LA\nEMPRESA por s\u00ed o como cesionaria, es titular de todos los derechos de propiedad\nintelectual e industrial de su p\u00e1gina web, as\u00ed como de los elementos contenidos\nen la misma (a t\u00edtulo enunciativo, im\u00e1genes, sonido, audio, v\u00eddeo, software o\ntextos; marcas o logotipos, combinaciones de colores, estructura y dise\u00f1o,\nselecci\u00f3n de materiales usados, programas de ordenador necesarios para su\nfuncionamiento, acceso y uso, etc.). Todos los derechos reservados. En virtud\nde lo dispuesto en los art\u00edculos 8 y 32.1, p\u00e1rrafo segundo, del Real Decreto\nLegislativo 1\/1996, de 12 de abril, por el que se aprueba el texto refundido de\nla Ley de Propiedad Intelectual, regularizando, aclarando y armonizando las\ndisposiciones legales vigentes sobre la materia, quedan expresamente prohibidas\nla reproducci\u00f3n, la distribuci\u00f3n y la comunicaci\u00f3n p\u00fablica, incluida su\nmodalidad de puesta a disposici\u00f3n, de la totalidad o parte de los contenidos de\nesta p\u00e1gina web, con fines comerciales, en cualquier soporte y por cualquier\nmedio t\u00e9cnico, sin la autorizaci\u00f3n de LA EMPRESA. El usuario se compromete a\nrespetar los derechos de Propiedad Intelectual e Industrial titularidad de su\ntitularidad.<\/p>\n\n\n\n<p>Todos\nlos contenidos publicados en el sitio web y especialmente los dise\u00f1os, textos,\nim\u00e1genes, v\u00eddeos, gr\u00e1ficos, logos, iconos, botones, as\u00ed como los nombres\ncomerciales, las marcas o dibujos y cualquier otro signo susceptible de\nutilizaci\u00f3n industrial y comercial est\u00e1n sujetos a derechos de propiedad intelectual\ne industrial de LA EMPRESA. En ning\u00fan caso se entender\u00e1 que se concede licencia\nalguna o se efect\u00faa renuncia, transmisi\u00f3n, cesi\u00f3n total o parcial de dichos\nderechos ni se confiere ning\u00fan derecho ni expectativa de derecho, y en\nespecial, de alteraci\u00f3n, explotaci\u00f3n, reproducci\u00f3n, distribuci\u00f3n o comunicaci\u00f3n\np\u00fablica sobre dichos contenidos sin la previa autorizaci\u00f3n expresa de LA\nEMPRESA.<\/p>\n\n\n\n<h3 class=\"wp-block-heading\"><strong>LIMITACI\u00d3N DE RESPONSABILIDADES<\/strong><\/h3>\n\n\n\n<p>LA\nEMPRESA responder\u00e1 de los da\u00f1os y perjuicios que el usuario pueda sufrir como\nconsecuencia de la utilizaci\u00f3n del sitio web cuando dichos da\u00f1os sean\ndirectamente imputables a una actuaci\u00f3n incorrecta de esta entidad, habiendo\nprobado que no ha cumplido las exigencias y requisitos legales y\nreglamentariamente establecidos. Es responsabilidad del usuario adoptar todas\nlas medidas t\u00e9cnicas adecuadas para controlar razonablemente los riesgos de la\nnavegaci\u00f3n abierta por Internet y evitar da\u00f1os en sus equipos, p\u00e9rdida de datos\ny robo de informaci\u00f3n confidencial. LA EMPRESA no se hace responsable de los\nperjuicios que se pudieran derivar de interferencias, omisiones,\ninterrupciones, virus inform\u00e1ticos, aver\u00edas y\/o desconexiones en el\nfuncionamiento operativo de este sitio web o en los aparatos y equipos\ninform\u00e1ticos de los usuarios, motivadas por causas ajenas a LA EMPRESA, que\nimpidan o retrasen la prestaci\u00f3n de los servicios o la navegaci\u00f3n por el sitio\nweb, ni de los retrasos o bloqueos en el uso causados por deficiencias o\nsobrecargas de Internet o en otros sistemas, ni de la imposibilidad de dar el\nservicio o permitir el acceso por causas no imputables a LA EMPRESA debidas al\nusuario, a terceros, o a supuestos de fuerza mayor. LA EMPRESA no ser\u00e1\nresponsable si no tiene conocimiento efectivo de que la actividad o la\ninformaci\u00f3n a la que remite o recomienda a trav\u00e9s de sus enlaces es il\u00edcita o\nde que lesiona bienes o derechos de un tercero susceptibles de indemnizaci\u00f3n, o\nsi lo tiene, act\u00faa con diligencia para suprimir o inutilizar el enlace o la\ninformaci\u00f3n correspondiente.<\/p>\n\n\n\n<h3 class=\"wp-block-heading\"><strong>SEGURIDAD DE LA WEB<\/strong><\/h3>\n\n\n\n<p>La web utiliza t\u00e9cnicas de seguridad de\nla informaci\u00f3n com\u00fanmente aceptadas en la industria, tales como firewalls,\nprocedimientos de control de acceso, comunicaciones seguras o mecanismos\ncriptogr\u00e1ficos, entre otros, todo ello con el objeto de prevenir y reducir los\nincidentes de seguridad sobre los datos (confidencialidad, integridad y\ndisponibilidad). Para lograr estos fines, el usuario acepta que el prestador\nobtenga datos para efectos de la correspondiente autenticaci\u00f3n de los controles\nde acceso y la prestaci\u00f3n de los servicios que deben ejecutarse para el uso de\nla web.<\/p>\n\n\n\n<p>La seguridad online tambi\u00e9n se establece\na trav\u00e9s de los par\u00e1metros de configuraci\u00f3n de los diferentes navegadores web,\npor lo que se recomienda encarecidamente su consulta.<\/p>\n\n\n\n<h3 class=\"wp-block-heading\"><strong>JURISDICCI\u00d3N Y LEYES APLICABLES<\/strong><\/h3>\n\n\n\n<p>La ley aplicable a las presentes\ncondiciones ser\u00e1 la Ley Espa\u00f1ola. Para las controversias que pudieren surgir\ncon ocasi\u00f3n de las presentes condiciones, las partes, con renuncia de su fuero\npropio, se someten expresamente a los Juzgados y Tribunales del domicilio que\nse indica en los DATOS IDENTIFICATIVOS.<\/p>\n\n\n\n<h3 class=\"wp-block-heading\"><strong>MODIFICACI\u00d3N DE LAS CONDICIONES DE USO<\/strong><\/h3>\n\n\n\n<p>Eventualmente, estas Condiciones de Uso\npueden ser revisadas con el fin de actualizar los cambios en la legislaci\u00f3n\nvigente, actualizar nuestros procedimientos de recogida y uso de la\ninformaci\u00f3n, la aparici\u00f3n de nuevos servicios o la exclusi\u00f3n de otros. Estos\ncambios ser\u00e1n vigentes a partir de su publicaci\u00f3n en la web, por lo que es\nimportante que revises regularmente estas Condiciones de Uso con el fin de\npermanecer informado sobre los cambios habidos.<\/p>\n","protected":false},"excerpt":{"rendered":"<p>&nbsp;Fecha de \u00faltima actualizaci\u00f3n: AVISO LEGAL \/ CONDICIONES DE USO DATOS IDENTIFICATIVOS (Ley 34\/2002, de 11 de julio, de servicios de la sociedad de la informaci\u00f3n y de comercio electr\u00f3nico) Raz\u00f3n Social: TIGERNUTS TRADERS, S.L., -en adelante, LA EMPRESA- CIF: B-96667191 Datos registrales: Registro mercantil de Valencia, Tomo 5855, Libro 3161, Folio 14, Secci\u00f3n 8, [&hellip;]<\/p>\n","protected":false},"author":5,"featured_media":30069,"parent":0,"menu_order":0,"comment_status":"closed","ping_status":"closed","template":"","meta":{"site-sidebar-layout":"default","site-content-layout":"default","ast-site-content-layout":"default","site-content-style":"default","site-sidebar-style":"default","ast-global-header-display":"","ast-banner-title-visibility":"","ast-main-header-display":"","ast-hfb-above-header-display":"","ast-hfb-below-header-display":"","ast-hfb-mobile-header-display":"","site-post-title":"","ast-breadcrumbs-content":"","ast-featured-img":"disabled","footer-sml-layout":"","ast-disable-related-posts":"","theme-transparent-header-meta":"default","adv-header-id-meta":"","stick-header-meta":"default","header-above-stick-meta":"","header-main-stick-meta":"","header-below-stick-meta":"","astra-migrate-meta-layouts":"default","ast-page-background-enabled":"default","ast-page-background-meta":{"desktop":{"background-color":"","background-image":"","background-repeat":"repeat","background-position":"center center","background-size":"auto","background-attachment":"scroll","background-type":"","background-media":"","overlay-type":"","overlay-color":"","overlay-opacity":"","overlay-gradient":""},"tablet":{"background-color":"","background-image":"","background-repeat":"repeat","background-position":"center center","background-size":"auto","background-attachment":"scroll","background-type":"","background-media":"","overlay-type":"","overlay-color":"","overlay-opacity":"","overlay-gradient":""},"mobile":{"background-color":"","background-image":"","background-repeat":"repeat","background-position":"center center","background-size":"auto","background-attachment":"scroll","background-type":"","background-media":"","overlay-type":"","overlay-color":"","overlay-opacity":"","overlay-gradient":""}},"ast-content-background-meta":{"desktop":{"background-color":"var(--ast-global-color-5)","background-image":"","background-repeat":"repeat","background-position":"center center","background-size":"auto","background-attachment":"scroll","background-type":"","background-media":"","overlay-type":"","overlay-color":"","overlay-opacity":"","overlay-gradient":""},"tablet":{"background-color":"var(--ast-global-color-5)","background-image":"","background-repeat":"repeat","background-position":"center center","background-size":"auto","background-attachment":"scroll","background-type":"","background-media":"","overlay-type":"","overlay-color":"","overlay-opacity":"","overlay-gradient":""},"mobile":{"background-color":"var(--ast-global-color-5)","background-image":"","background-repeat":"repeat","background-position":"center center","background-size":"auto","background-attachment":"scroll","background-type":"","background-media":"","overlay-type":"","overlay-color":"","overlay-opacity":"","overlay-gradient":""}},"jetpack_post_was_ever_published":false,"footnotes":""},"class_list":["post-4358","page","type-page","status-publish","has-post-thumbnail","hentry"],"jetpack_sharing_enabled":true,"_links":{"self":[{"href":"https:\/\/www.tigernuts.com\/es\/wp-json\/wp\/v2\/pages\/4358","targetHints":{"allow":["GET"]}}],"collection":[{"href":"https:\/\/www.tigernuts.com\/es\/wp-json\/wp\/v2\/pages"}],"about":[{"href":"https:\/\/www.tigernuts.com\/es\/wp-json\/wp\/v2\/types\/page"}],"author":[{"embeddable":true,"href":"https:\/\/www.tigernuts.com\/es\/wp-json\/wp\/v2\/users\/5"}],"replies":[{"embeddable":true,"href":"https:\/\/www.tigernuts.com\/es\/wp-json\/wp\/v2\/comments?post=4358"}],"version-history":[{"count":1,"href":"https:\/\/www.tigernuts.com\/es\/wp-json\/wp\/v2\/pages\/4358\/revisions"}],"predecessor-version":[{"id":33185,"href":"https:\/\/www.tigernuts.com\/es\/wp-json\/wp\/v2\/pages\/4358\/revisions\/33185"}],"wp:featuredmedia":[{"embeddable":true,"href":"https:\/\/www.tigernuts.com\/es\/wp-json\/wp\/v2\/media\/30069"}],"wp:attachment":[{"href":"https:\/\/www.tigernuts.com\/es\/wp-json\/wp\/v2\/media?parent=4358"}],"curies":[{"name":"wp","href":"https:\/\/api.w.org\/{rel}","templated":true}]}}