{"id":23489,"date":"2021-07-19T11:20:17","date_gmt":"2021-07-19T09:20:17","guid":{"rendered":"https:\/\/www.tigernuts.com\/?page_id=23489"},"modified":"2025-06-25T18:18:52","modified_gmt":"2025-06-25T16:18:52","slug":"politique-de-confidentialite","status":"publish","type":"page","link":"https:\/\/www.tigernuts.com\/fr\/politique-de-confidentialite\/","title":{"rendered":"Politique de confidentialit\u00e9"},"content":{"rendered":"\n<p>&nbsp;Fecha de \u00faltima actualizaci\u00f3n: 01\/04\/2026<\/p>\n\n\n\n<p class=\"has-text-align-center\"> <em>Ce document est une traduction de la <\/em><a href=\"https:\/\/www.tigernuts.com\/aviso-legal\/\"><em>politique espagnole de confidentialit\u00e9<\/em><\/a><em>. En cas de conflit entre les traductions, la version espagnole pr\u00e9vaut. <\/em><\/p>\n\n\n\n\n\n<h2 class=\"wp-block-heading\"><strong>POLITIQUE DE CONFIDENTIALIT\u00c9 <\/strong><\/h2>\n\n\n\n<h3 class=\"wp-block-heading\">QUI EST LE RESPONSABLE DU TRAITEMENT&nbsp;?<\/h3>\n\n\n\n<ul class=\"wp-block-list\">\n<li>Identit\u00e9 du responsable\u00a0: TIGERNUTS TRADERS, S.L. (Num\u00e9ro d\u2019identification fiscal : B-96667191)<\/li>\n\n\n\n<li>Domicili\u00e9 \u00e0\u00a0: Avenida La Pobla De Vallbona, 39, 46183, L\u2019Eliana \u2013 Valencia (Espagne)<\/li>\n\n\n\n<li>Adresse \u00e9lectronique\u00a0: <a href=\"mailto:info@tigernuts.com\">info@tigernuts.com<\/a><\/li>\n\n\n\n<li>Fax : +34 96 274 02 49<\/li>\n<\/ul>\n\n\n\n<h3 class=\"wp-block-heading\">QUELLES DONN\u00c9ES PERSONNELLES TRAITONS-NOUS&nbsp;?<\/h3>\n\n\n\n<p>Dans le cadre des diff\u00e9rentes activit\u00e9s r\u00e9alis\u00e9es par l\u2019organisation, nous recueillons les donn\u00e9es suivantes&nbsp;:<\/p>\n\n\n\n<ul class=\"wp-block-list\">\n<li>Donn\u00e9es d\u2019identification<\/li>\n<\/ul>\n\n\n\n<h2 class=\"wp-block-heading\">DANS QUEL OBJECTIF ET QUELS SONT LES CAS SP\u00c9CIAUX POUR LESQUELS NOUS TRAITONS LES DONN\u00c9ES PERSONNELLES&nbsp;?<\/h2>\n\n\n\n<p>Sur www.tigernuts.com les donn\u00e9es sont trait\u00e9es dans les buts suivants&nbsp;:<\/p>\n\n\n\n<ul class=\"wp-block-list\">\n<li><strong>Contact\u00a0<\/strong>: pour r\u00e9pondre aux demandes d\u2019information re\u00e7ues sur les produits et services offerts ainsi que pour r\u00e9pondre \u00e0 toute autre question envoy\u00e9e par les utilisateurs, via le formulaire de contact ou par courrier \u00e9lectronique, fax ou tout autre moyen de contact de l\u2019entreprise.<\/li>\n\n\n\n<li><strong>Newsletter\u00a0<\/strong>: envoi de bulletin d\u2019information afin de vous tenir inform\u00e9 des nouveaut\u00e9s, des actualit\u00e9s, des produits et services en rapport avec notre entreprise ou notre secteur.<\/li>\n<\/ul>\n\n\n\n<p>Avec les donn\u00e9es personnelles recueillies, nous n\u2019\u00e9laborons pas de profils ni ne prenons de d\u00e9cisions automatis\u00e9es.<\/p>\n\n\n\n<h2 class=\"wp-block-heading\">SUR QUEL INT\u00c9R\u00caT L\u00c9GITIME REPOSE LE TRAITEMENT DES DONN\u00c9ES&nbsp;?<\/h2>\n\n\n\n<p>Au sein de l\u2019organisation, les donn\u00e9es \u00e0 caract\u00e8re personnel peuvent \u00eatre trait\u00e9es pour&nbsp;:<\/p>\n\n\n\n<ul class=\"wp-block-list\">\n<li>Consentement\u00a0: en acc\u00e9dant sur notre site et en remplissant les formulaires ou en envoyant vos donn\u00e9es via les moyens de contact \u00e9lectronique indiqu\u00e9s, vous acceptez cette Politique de confidentialit\u00e9. C\u2019est pourquoi nous nous basons sur le consentement de l\u2019utilisateur pour traiter ses donn\u00e9es. De plus, nous vous informons que nous utiliserons uniquement vos donn\u00e9es \u00e0 caract\u00e8re personnel en vertu de cette Politique de confidentialit\u00e9 et, de fa\u00e7on g\u00e9n\u00e9rale, nous demanderons votre accord pour une utilisation diff\u00e9rente de celle pour laquelle vous l\u2019avez accord\u00e9 \u00e0 l\u2019origine. Finalement, nous vous informons que vous pouvez \u00e0 tout moment retirer votre accord. Il vous suffira de nous contacter via l\u2019un des moyens indiqu\u00e9s sur cette Politique de confidentialit\u00e9.<\/li>\n<\/ul>\n\n\n\n<p>Pour r\u00e9pondre aux demandes, l\u2019int\u00e9ress\u00e9 devra fournir les informations minimum demand\u00e9es. Le cas \u00e9ch\u00e9ant, elles ne pourront pas \u00eatre trait\u00e9es.<\/p>\n\n\n\n<h2 class=\"wp-block-heading\">PENDANT COMBIEN DE TEMPS UTILISONS-NOUS LES DONN\u00c9ES PERSONNELLES&nbsp;?<\/h2>\n\n\n\n<p>Les donn\u00e9es personnelles sont trait\u00e9es pendant les d\u00e9lais suivants&nbsp;:<\/p>\n\n\n\n<ul class=\"wp-block-list\">\n<li>la p\u00e9riode fix\u00e9e par la loi\u00a0;<\/li>\n\n\n\n<li>le temps n\u00e9cessaire pour respecter les obligations op\u00e9ratives.<\/li>\n<\/ul>\n\n\n\n<p>Les donn\u00e9es seront conserv\u00e9es pendant la dur\u00e9e n\u00e9cessaire afin de respecter l\u2019objectif pour lequel elles ont \u00e9t\u00e9 recueillies et pour d\u00e9terminer les \u00e9ventuelles responsabilit\u00e9s qui pourraient d\u00e9river de cet objectif et du traitement des donn\u00e9es, conform\u00e9ment aux normes indiqu\u00e9es plus haut, en plus des d\u00e9lais \u00e9tablis par la r\u00e9glementation d\u2019archive et de documentation en vigueur.<\/p>\n\n\n\n<h2 class=\"wp-block-heading\">AVEC QUI PARTAGEONS-NOUS LES DONN\u00c9ES PERSONNELLES&nbsp;?<\/h2>\n\n\n\n<p>Afin de respecter les objectifs d\u00e9crits plus haut, les donn\u00e9es personnelles peuvent \u00eatre partag\u00e9es avec&nbsp;:<\/p>\n\n\n\n<ul class=\"wp-block-list\">\n<li>des fournisseurs de services qui pr\u00eatent leurs services en notre nom.<\/li>\n<\/ul>\n\n\n\n<p>Aucun transfert international n\u2019est effectu\u00e9 en dehors de l\u2019Espace \u00e9conomique europ\u00e9en.<\/p>\n\n\n\n<h2 class=\"wp-block-heading\">QUELS SONT MES DROITS&nbsp;?<\/h2>\n\n\n\n<p>Conform\u00e9ment \u00e0 la r\u00e9glementation europ\u00e9enne, les droits qui vous reviennent sont les suivants&nbsp;:<\/p>\n\n\n\n<ul class=\"wp-block-list\">\n<li><strong>Acc\u00e8s<\/strong>, droit de demander des informations au responsable d\u2019un fichier pour savoir si vos donn\u00e9es personnelles sont trait\u00e9es.<\/li>\n\n\n\n<li><strong>Rectification<\/strong>, droit qui permet \u00e0 la personne concern\u00e9e de demander la modification des donn\u00e9es inexactes ou incompl\u00e8tes.<\/li>\n\n\n\n<li><strong>Opposition<\/strong>, droit d\u2019une personne \u00e0 s\u2019opposer au traitement de ses donn\u00e9es personnelles ou \u00e0 la cessation de celui-ci.<\/li>\n\n\n\n<li><strong>D\u00e9cisions individuelles automatis\u00e9es<\/strong>, droit de ne pas faire l&rsquo;objet d&rsquo;une d\u00e9cision fond\u00e9e uniquement sur un traitement automatis\u00e9 qui produirait des effets juridiques sur cette personne ou la concernerait de fa\u00e7on similaire, y compris l\u2019\u00e9laboration de profils.<\/li>\n\n\n\n<li><strong>Restriction<\/strong>, droit de suspendre le traitement des donn\u00e9es personnelles de l\u2019utilisateur dans certains cas.<\/li>\n\n\n\n<li><strong>R\u00e9tractation ou oubli<\/strong>, droit d\u2019\u00e9liminer les donn\u00e9es personnelles de l\u2019int\u00e9ress\u00e9.<\/li>\n\n\n\n<li><strong>Portabilit\u00e9<\/strong>, droit de demander au responsable du traitement de fournir les donn\u00e9es personnelles sous un format structur\u00e9 et clair \u00e0 un autre responsable.<\/li>\n<\/ul>\n\n\n\n<p>Le d\u00e9lai maximum pour la r\u00e9solution de la demande est de 30 jours \u00e0 compter de leur r\u00e9ception, ce d\u00e9lai peut se prolonger pour une p\u00e9riode maximale de 2 mois si n\u00e9cessaire.<\/p>\n\n\n\n<p>Le demandeur peut exercer ses droits par les moyens suivants&nbsp;:&nbsp;<\/p>\n\n\n\n<ul class=\"wp-block-list\">\n<li>par mail \u00e0 info@tigernuts.com, en joignant un pi\u00e8ce d\u2019identit\u00e9 du demandeur (copie du recto de la carte d\u2019identit\u00e9 ou \u00e9quivalent)\u00a0;<\/li>\n\n\n\n<li>par courrier postal \u00e0 Avenida La Pobla de Vallbona, 39, 46183, L\u2019Eliana \u2013 Valencia (Espagne)<\/li>\n<\/ul>\n\n\n\n<p>Dans les deux cas, des documents prouvant l&rsquo;identit\u00e9 du demandeur peuvent \u00eatre exig\u00e9s si n\u00e9cessaire. En tout \u00e9tat de cause, vous pouvez solliciter la protection de l&rsquo;Agence espagnole de protection des donn\u00e9es via leur <a href=\"http:\/\/www.aepd.es\">site internet<\/a>.<\/p>\n\n\n\n<ul class=\"wp-block-list\"><\/ul>\n\n\n\n<h2 class=\"wp-block-heading\">MODIFICATIONS \u00c0 CETTE POLITIQUE DE CONFIDENTIALIT\u00c9<\/h2>\n\n\n\n<p>Cette Politique de confidentialit\u00e9 pourra \u00e9ventuellement \u00eatre modifi\u00e9e afin de mettre \u00e0 jour les changements de la l\u00e9gislation en vigueur, de mettre \u00e0 jour nos proc\u00e9dure de collecte et d\u2019utilisation des donn\u00e9es \u00e0 caract\u00e8re personnel, pour s\u2019adapter \u00e0 l\u2019apparition de nouveaux services ou \u00e0 la disparition d\u2019autres. Ces changements entreront en vigueur \u00e0 partir de leur publication sur le site, c\u2019est pourquoi il est important de consulter r\u00e9guli\u00e8rement cette Politique de confidentialit\u00e9 afin de rester inform\u00e9 des \u00e9ventuels changements.<\/p>\n","protected":false},"excerpt":{"rendered":"<p>&nbsp;Fecha de \u00faltima actualizaci\u00f3n: Ce document est une traduction de la politique espagnole de confidentialit\u00e9. En cas de conflit entre les traductions, la version espagnole pr\u00e9vaut. POLITIQUE DE CONFIDENTIALIT\u00c9 QUI EST LE RESPONSABLE DU TRAITEMENT&nbsp;? QUELLES DONN\u00c9ES PERSONNELLES TRAITONS-NOUS&nbsp;? Dans le cadre des diff\u00e9rentes activit\u00e9s r\u00e9alis\u00e9es par l\u2019organisation, nous recueillons les donn\u00e9es suivantes&nbsp;: DANS QUEL [&hellip;]<\/p>\n","protected":false},"author":5,"featured_media":30067,"parent":0,"menu_order":0,"comment_status":"closed","ping_status":"closed","template":"","meta":{"site-sidebar-layout":"default","site-content-layout":"default","ast-site-content-layout":"default","site-content-style":"default","site-sidebar-style":"default","ast-global-header-display":"","ast-banner-title-visibility":"","ast-main-header-display":"","ast-hfb-above-header-display":"","ast-hfb-below-header-display":"","ast-hfb-mobile-header-display":"","site-post-title":"","ast-breadcrumbs-content":"","ast-featured-img":"disabled","footer-sml-layout":"","ast-disable-related-posts":"","theme-transparent-header-meta":"default","adv-header-id-meta":"","stick-header-meta":"default","header-above-stick-meta":"","header-main-stick-meta":"","header-below-stick-meta":"","astra-migrate-meta-layouts":"set","ast-page-background-enabled":"default","ast-page-background-meta":{"desktop":{"background-color":"","background-image":"","background-repeat":"repeat","background-position":"center center","background-size":"auto","background-attachment":"scroll","background-type":"","background-media":"","overlay-type":"","overlay-color":"","overlay-opacity":"","overlay-gradient":""},"tablet":{"background-color":"","background-image":"","background-repeat":"repeat","background-position":"center center","background-size":"auto","background-attachment":"scroll","background-type":"","background-media":"","overlay-type":"","overlay-color":"","overlay-opacity":"","overlay-gradient":""},"mobile":{"background-color":"","background-image":"","background-repeat":"repeat","background-position":"center center","background-size":"auto","background-attachment":"scroll","background-type":"","background-media":"","overlay-type":"","overlay-color":"","overlay-opacity":"","overlay-gradient":""}},"ast-content-background-meta":{"desktop":{"background-color":"var(--ast-global-color-5)","background-image":"","background-repeat":"repeat","background-position":"center center","background-size":"auto","background-attachment":"scroll","background-type":"","background-media":"","overlay-type":"","overlay-color":"","overlay-opacity":"","overlay-gradient":""},"tablet":{"background-color":"var(--ast-global-color-5)","background-image":"","background-repeat":"repeat","background-position":"center center","background-size":"auto","background-attachment":"scroll","background-type":"","background-media":"","overlay-type":"","overlay-color":"","overlay-opacity":"","overlay-gradient":""},"mobile":{"background-color":"var(--ast-global-color-5)","background-image":"","background-repeat":"repeat","background-position":"center center","background-size":"auto","background-attachment":"scroll","background-type":"","background-media":"","overlay-type":"","overlay-color":"","overlay-opacity":"","overlay-gradient":""}},"jetpack_post_was_ever_published":false,"footnotes":""},"class_list":["post-23489","page","type-page","status-publish","has-post-thumbnail","hentry"],"jetpack_sharing_enabled":true,"_links":{"self":[{"href":"https:\/\/www.tigernuts.com\/fr\/wp-json\/wp\/v2\/pages\/23489","targetHints":{"allow":["GET"]}}],"collection":[{"href":"https:\/\/www.tigernuts.com\/fr\/wp-json\/wp\/v2\/pages"}],"about":[{"href":"https:\/\/www.tigernuts.com\/fr\/wp-json\/wp\/v2\/types\/page"}],"author":[{"embeddable":true,"href":"https:\/\/www.tigernuts.com\/fr\/wp-json\/wp\/v2\/users\/5"}],"replies":[{"embeddable":true,"href":"https:\/\/www.tigernuts.com\/fr\/wp-json\/wp\/v2\/comments?post=23489"}],"version-history":[{"count":1,"href":"https:\/\/www.tigernuts.com\/fr\/wp-json\/wp\/v2\/pages\/23489\/revisions"}],"predecessor-version":[{"id":40137,"href":"https:\/\/www.tigernuts.com\/fr\/wp-json\/wp\/v2\/pages\/23489\/revisions\/40137"}],"wp:featuredmedia":[{"embeddable":true,"href":"https:\/\/www.tigernuts.com\/fr\/wp-json\/wp\/v2\/media\/30067"}],"wp:attachment":[{"href":"https:\/\/www.tigernuts.com\/fr\/wp-json\/wp\/v2\/media?parent=23489"}],"curies":[{"name":"wp","href":"https:\/\/api.w.org\/{rel}","templated":true}]}}